{"id":2817,"date":"2016-05-31T22:32:06","date_gmt":"2016-05-31T21:32:06","guid":{"rendered":"https:\/\/taxi.fo\/forsida\/"},"modified":"2020-02-14T09:01:59","modified_gmt":"2020-02-14T09:01:59","slug":"forsida","status":"publish","type":"page","link":"https:\/\/taxi.fo\/en\/forsida\/","title":{"rendered":"Frontpage"},"content":{"rendered":"<div id=\"pl-2817\"  class=\"panel-layout\" >\n<div id=\"pg-2817-0\"  class=\"panel-grid panel-no-style\"  data-style=\"{&quot;background_image_attachment&quot;:false,&quot;background_display&quot;:&quot;tile&quot;,&quot;cell_alignment&quot;:&quot;flex-start&quot;}\" >\n<div id=\"pgc-2817-0-0\"  class=\"panel-grid-cell\"  data-weight=\"0.618033992092\" >\n<div id=\"panel-2817-0-0-0\" class=\"so-panel widget widget_siteorigin-panels-builder panel-first-child panel-last-child\" data-index=\"0\" data-style=\"{&quot;background_image_attachment&quot;:false,&quot;background_display&quot;:&quot;tile&quot;}\" >\n<div id=\"pl-w5e46620783606\"  class=\"panel-layout\" >\n<div id=\"pg-w5e46620783606-0\"  class=\"panel-grid panel-no-style\" >\n<div id=\"pgc-w5e46620783606-0-0\"  class=\"panel-grid-cell\"  data-weight=\"0.5\" >\n<div id=\"panel-w5e46620783606-0-0-0\" class=\"so-panel widget widget_sow-image panel-first-child\" data-index=\"0\" data-style=\"{&quot;background_image_attachment&quot;:false,&quot;background_display&quot;:&quot;tile&quot;}\" >[siteorigin_widget class=&#8221;SiteOrigin_Widget_Image_Widget&#8221;]<input type=\"hidden\" value=\"{&quot;instance&quot;:{&quot;image&quot;:3062,&quot;image_fallback&quot;:&quot;&quot;,&quot;size&quot;:&quot;full&quot;,&quot;align&quot;:&quot;default&quot;,&quot;title_align&quot;:&quot;default&quot;,&quot;title&quot;:&quot;AirportTaxi&quot;,&quot;title_position&quot;:&quot;hidden&quot;,&quot;alt&quot;:&quot;AirportTaxi&quot;,&quot;url&quot;:&quot;post: 2&quot;,&quot;bound&quot;:true,&quot;_sow_form_id&quot;:&quot;5750520fad05b&quot;,&quot;_sow_form_timestamp&quot;:&quot;1537615621192&quot;,&quot;eds_animation_class&quot;:&quot;&quot;,&quot;new_window&quot;:false,&quot;full_width&quot;:false,&quot;so_sidebar_emulator_id&quot;:&quot;sow-image-281720000&quot;,&quot;option_name&quot;:&quot;widget_sow-image&quot;},&quot;args&quot;:{&quot;before_widget&quot;:&quot;&lt;div id=\\&quot;panel-w5e46620783606-0-0-0\\&quot; class=\\&quot;so-panel widget widget_sow-image panel-first-child\\&quot; data-index=\\&quot;0\\&quot; data-style=\\&quot;{&amp;quot;background_image_attachment&amp;quot;:false,&amp;quot;background_display&amp;quot;:&amp;quot;tile&amp;quot;}\\&quot; &gt;&quot;,&quot;after_widget&quot;:&quot;&lt;\\\/div&gt;&quot;,&quot;before_title&quot;:&quot;&lt;h3 class=\\&quot;widget-title\\&quot;&gt;&quot;,&quot;after_title&quot;:&quot;&lt;\\\/h3&gt;&quot;,&quot;widget_id&quot;:&quot;widget-0-0-0&quot;}}\" \/>[\/siteorigin_widget]<\/div>\n<div id=\"panel-w5e46620783606-0-0-1\" class=\"so-panel widget widget_sow-editor panel-last-child\" data-index=\"1\" data-style=\"{&quot;background_image_attachment&quot;:false,&quot;background_display&quot;:&quot;tile&quot;}\" >\n<div class=\"so-widget-sow-editor so-widget-sow-editor-base\">\n<h3 class=\"widget-title\">AirportTaxi<\/h3>\n<div class=\"siteorigin-widget-tinymce textwidget\">\n<p>Airport<strong>Taxi<\/strong> to and from T\u00f3rshavn. DKK 220,00 per. passenger. Up to 3 passenger in the car &#8211; children op to 12 years DKK 150,00. Check the arrival and departure times at V\u00e1ga Floghavn .. Rentanl with up to 4 passengers DKK 750,00. 5 passengers DKK 875,&#8230;<\/p>\n<p><a title=\"AirportTaxi\" href=\"https:\/\/taxi.fo\/en\/airporttaxi\/\">See more ..<\/a><\/p>\n<\/div>\n<\/div>\n<\/div>\n<\/div>\n<div id=\"pgc-w5e46620783606-0-1\"  class=\"panel-grid-cell\"  data-weight=\"0.5\" >\n<div id=\"panel-w5e46620783606-0-1-0\" class=\"so-panel widget widget_sow-image panel-first-child\" data-index=\"2\" data-style=\"{&quot;background_image_attachment&quot;:false,&quot;background_display&quot;:&quot;tile&quot;}\" >[siteorigin_widget class=&#8221;SiteOrigin_Widget_Image_Widget&#8221;]<input type=\"hidden\" value=\"{&quot;instance&quot;:{&quot;image&quot;:3065,&quot;image_fallback&quot;:&quot;&quot;,&quot;size&quot;:&quot;full&quot;,&quot;align&quot;:&quot;default&quot;,&quot;title_align&quot;:&quot;default&quot;,&quot;title&quot;:&quot;Sightseeing with taxi&quot;,&quot;title_position&quot;:&quot;hidden&quot;,&quot;alt&quot;:&quot;Sightseeing with taxi&quot;,&quot;url&quot;:&quot;post: 2954&quot;,&quot;bound&quot;:true,&quot;_sow_form_id&quot;:&quot;5750525390f61&quot;,&quot;_sow_form_timestamp&quot;:&quot;1537615763915&quot;,&quot;eds_animation_class&quot;:&quot;&quot;,&quot;new_window&quot;:false,&quot;full_width&quot;:false,&quot;so_sidebar_emulator_id&quot;:&quot;sow-image-281720002&quot;,&quot;option_name&quot;:&quot;widget_sow-image&quot;},&quot;args&quot;:{&quot;before_widget&quot;:&quot;&lt;div id=\\&quot;panel-w5e46620783606-0-1-0\\&quot; class=\\&quot;so-panel widget widget_sow-image panel-first-child\\&quot; data-index=\\&quot;2\\&quot; data-style=\\&quot;{&amp;quot;background_image_attachment&amp;quot;:false,&amp;quot;background_display&amp;quot;:&amp;quot;tile&amp;quot;}\\&quot; &gt;&quot;,&quot;after_widget&quot;:&quot;&lt;\\\/div&gt;&quot;,&quot;before_title&quot;:&quot;&lt;h3 class=\\&quot;widget-title\\&quot;&gt;&quot;,&quot;after_title&quot;:&quot;&lt;\\\/h3&gt;&quot;,&quot;widget_id&quot;:&quot;widget-0-1-0&quot;}}\" \/>[\/siteorigin_widget]<\/div>\n<div id=\"panel-w5e46620783606-0-1-1\" class=\"so-panel widget widget_sow-editor panel-last-child\" data-index=\"3\" data-style=\"{&quot;background_image_attachment&quot;:false,&quot;background_display&quot;:&quot;tile&quot;}\" >\n<div class=\"so-widget-sow-editor so-widget-sow-editor-base\">\n<h3 class=\"widget-title\">Sightseeing by taxi<\/h3>\n<div class=\"siteorigin-widget-tinymce textwidget\">\n<p>Try our sightseeing tours with taxi around The Faroe Islands. Explore unique Locations by Taxi. Kirkjub\u00f8 km 28. Estimatet time 1 hour. DKK. 550,-. Sornfelli + Nor\u00f0adalsskar\u00f0 km 38. Estimatet time 1 hour. DKK. 550,-. B\u00f8 + G\u00e1sadalur km 114. Estimatet time 3 &#8230;<\/p>\n<p><a title=\"Sightseeing by taxi\" href=\"https:\/\/taxi.fo\/en\/sightseeing\/\">See more ..<\/a><\/p>\n<\/div>\n<\/div>\n<\/div>\n<\/div>\n<\/div>\n<div id=\"pg-w5e46620783606-1\"  class=\"panel-grid panel-no-style\" >\n<div id=\"pgc-w5e46620783606-1-0\"  class=\"panel-grid-cell\"  data-weight=\"1\" >\n<div id=\"panel-w5e46620783606-1-0-0\" class=\"so-panel widget widget_sow-editor panel-first-child panel-last-child\" data-index=\"4\" data-style=\"{&quot;background_image_attachment&quot;:false,&quot;background_display&quot;:&quot;tile&quot;}\" >\n<div class=\"so-widget-sow-editor so-widget-sow-editor-base\">\n<h3 class=\"widget-title\">About Taxi Bil<\/h3>\n<div class=\"siteorigin-widget-tinymce textwidget\">\n\t<img decoding=\"async\" class=\"alignleft size-full wp-image-3033 lazyload\" data-src=\"https:\/\/taxi.fo\/wp-content\/smush-webp\/2018\/09\/um_3.jpg.webp\" alt=\"\" width=\"300\" height=\"155\" src=\"data:image\/svg+xml;base64,PHN2ZyB3aWR0aD0iMSIgaGVpZ2h0PSIxIiB4bWxucz0iaHR0cDovL3d3dy53My5vcmcvMjAwMC9zdmciPjwvc3ZnPg==\" style=\"--smush-placeholder-width: 300px; --smush-placeholder-aspect-ratio: 300\/155;\" \/>The story behind Taxi Bil. The company was founded in 1952 by Hans Mellemgaard, Eiler Thorsvig, Hans A. Davidsen, Poul Gaard Hansen and Pauli Gaard Hansen. At first, Taxi Car was located in Niels Finsensg\u00f8tu, where there is today a shop with baby and children&#8217;s items. In 1960 Taxi Car got a new location at Li\u00f0ag\u00f8tu. Two years later, &#8220;Bilst\u00f8\u00f0in \u00ed V\u00e1gsbotni&#8221; merged &#8211; which had both taxi cars and vans together with &#8220;BIL&#8221;. When the &#8220;Oyggjavegurin&#8221; was expanded in 1960, there was a regular ferry service between Hval\u00edk and Sundabr\u00fanna. When the official aviation run started in June 1963, ..<\/p>\n<p><a title=\"AboutTaxi Bil\" href=\"https:\/\/taxi.fo\/en\/about\/\">See more ..<\/a><\/div>\n<\/div>\n<\/div>\n<\/div>\n<\/div>\n<\/div>\n<\/div>\n<\/div>\n<div id=\"pgc-2817-0-1\"  class=\"panel-grid-cell\"  data-weight=\"0.381966007908\" >\n<div id=\"panel-2817-0-1-0\" class=\"so-panel widget widget_sow-editor panel-first-child panel-last-child\" data-index=\"1\" data-style=\"{&quot;background_image_attachment&quot;:false,&quot;background_display&quot;:&quot;tile&quot;}\" >\n<div class=\"so-widget-sow-editor so-widget-sow-editor-base\">\n<h3 class=\"widget-title\">News<\/h3>\n<div class=\"siteorigin-widget-tinymce textwidget\">\n\t<div class=\"cff-wrapper\"><div class=\"cff-wrapper-ctn \" ><div id=\"cff\" data-char=\"150\" class=\"cff cff-theme-default_theme  cff-mob-cols-1 cff-tab-cols-1  cff-disable-narrow cff-timeline-feed cff-pag cff-all-reviews cff-nojs  cff-lightbox cff-lb\"  data-fb-text=\"S\u00ed \u00e1 Facebook\" data-offset=\"\" data-own-token=\"true\" data-grid-pag=\"cursor\" data-restricted=\"true\" data-lb-comments=\"true\" data-pag-num=\"2\" data-cff-shortcode=\"{&quot;num&quot;: &quot;2&quot;, &quot;showauthor&quot;: &quot;false&quot;}\" data-postid=\"2817\" data-locatornonce=\"0898637fe9\" data-cff-theme=\"default_theme\" ><svg width=\"24px\" height=\"24px\" version=\"1.1\" xmlns=\"http:\/\/www.w3.org\/2000\/svg\" xmlns:xlink=\"http:\/\/www.w3.org\/1999\/xlink\" class=\"cff-screenreader\" role=\"img\" aria-labelledby=\"metaSVGid metaSVGdesc\"><title id=\"metaSVGid\">Comments Box SVG icons<\/title><desc id=\"metaSVGdesc\">Used for the like, share, comment, and reaction icons<\/desc><defs><linearGradient id=\"angryGrad\" x1=\"0\" x2=\"0\" y1=\"0\" y2=\"1\"><stop offset=\"0%\" stop-color=\"#f9ae9e\" \/><stop offset=\"70%\" stop-color=\"#ffe7a4\" \/><\/linearGradient><linearGradient id=\"likeGrad\"><stop offset=\"25%\" stop-color=\"rgba(0,0,0,0.05)\" \/><stop offset=\"26%\" stop-color=\"rgba(255,255,255,0.7)\" \/><\/linearGradient><linearGradient id=\"likeGradHover\"><stop offset=\"25%\" stop-color=\"#a3caff\" \/><stop offset=\"26%\" stop-color=\"#fff\" \/><\/linearGradient><linearGradient id=\"likeGradDark\"><stop offset=\"25%\" stop-color=\"rgba(255,255,255,0.5)\" \/><stop offset=\"26%\" stop-color=\"rgba(255,255,255,0.7)\" \/><\/linearGradient><\/defs><\/svg>\t\t<div class=\"cff-error-msg\">\n\t\t\t<div>\n\t\t\t<svg  aria-hidden=\"true\" focusable=\"false\" data-prefix=\"fas\" data-icon=\"lock\" role=\"img\" xmlns=\"http:\/\/www.w3.org\/2000\/svg\" viewBox=\"0 0 448 512\" class=\"svg-inline--fa fa-lock fa-w-14 \"><path fill=\"currentColor\" d=\"M400 224h-24v-72C376 68.2 307.8 0 224 0S72 68.2 72 152v72H48c-26.5 0-48 21.5-48 48v192c0 26.5 21.5 48 48 48h352c26.5 0 48-21.5 48-48V272c0-26.5-21.5-48-48-48zm-104 0H152v-72c0-39.7 32.3-72 72-72s72 32.3 72 72v72z\"><\/path><\/svg><b>This message is only visible to admins.<\/b><br\/>\n\t\t\t\tProblem displaying Facebook posts. Backup cache in use.\t\t\t\t\t\t\t\t\t<\/div>\n\t\t\t\t\t<div id=\"cff-error-reason\">\n\t\t\t\t\t\t\t\t\t\t\t\t\t<b>Error:<\/b> Invalid OAuth access token - Cannot parse access token<br\/>\n\t\t\t\t\t\t\t\t\t\t\t\t\t\t\t\t\t\t\t<b>Type:<\/b> OAuthException<br\/>\n\t\t\t\t\t\t\t\t\t\t\t\t\t\t\t\t\t\t\t\t\t\t\t\t\t\t\t\t\t\t\t\t\t\t\t\t\t\t\t\t\t\t\t\t\t\t\t\t\t\t\t\t\t\t<\/div>\n\t\t\t\t\t\t<\/div>\n\t\t\t<div class=\"cff-posts-wrap\"><\/div><span class=\"cff_resized_image_data\" data-feedid=\"cff_12941812672740941812672740784mefo0000\" data-resized=\"[{&quot;media_id&quot;:&quot;1294181267274078_1251273516229601&quot;,&quot;facebook_id&quot;:&quot;1294181267274078_1251273516229601&quot;,&quot;aspect_ratio&quot;:&quot;1.00&quot;,&quot;sizes&quot;:&quot;[400,250]&quot;},{&quot;media_id&quot;:&quot;1294181267274078_1054002609290027&quot;,&quot;facebook_id&quot;:&quot;1294181267274078_1054002609290027&quot;,&quot;aspect_ratio&quot;:&quot;1.00&quot;,&quot;sizes&quot;:&quot;[400,250]&quot;}]\"><\/span><\/div><\/div><div class=\"cff-clear\"><\/div><\/div><br \/>\n<!--custom-facebook-feed num=2 showauthor=false exclude=likebox desclength=5 textlength=35 layout=thumb enablenarrow=true--><\/p>\n<p>[ap_call_to_action button_text=&#8221;More news&#8221; button_url=&#8221;https:\/\/taxi.fo\/da\/nyheder\/&#8221; button_align=&#8221;right&#8221;]All news from Taxi Bil ..[\/ap_call_to_action]<\/p><\/div>\n<\/div>\n<\/div>\n<\/div>\n<\/div>\n<\/div>\n","protected":false},"excerpt":{"rendered":"<p>[siteorigin_widget class=&#8221;SiteOrigin_Widget_Image_Widget&#8221;][\/siteorigin_widget] AirportTaxi AirportTaxi to and from T\u00f3rshavn. DKK 220,00 per. passenger. Up to 3 passenger in the car &#8211; children op to 12 years DKK 150,00. Check the arrival and departure times at V\u00e1ga Floghavn .. Rentanl with up to 4 passengers DKK 750,00. 5 passengers DKK 875,&#8230; See more .. [siteorigin_widget class=&#8221;SiteOrigin_Widget_Image_Widget&#8221;][\/siteorigin_widget] Sightseeing&hellip;<\/p>\n","protected":false},"author":110,"featured_media":0,"parent":0,"menu_order":1,"comment_status":"closed","ping_status":"closed","template":"page-faq-test.php","meta":{"_acf_changed":false,"footnotes":""},"class_list":["post-2817","page","type-page","status-publish","hentry","description-off"],"acf":[],"yoast_head":"<!-- This site is optimized with the Yoast SEO plugin v27.4 - https:\/\/yoast.com\/product\/yoast-seo-wordpress\/ -->\n<title>Taxi Bil, taxi and AirportTaxi around the Faroe Islands<\/title>\n<meta name=\"description\" content=\"Daily taxi service, AirportTaxi to and from T\u00f3rshavn, call 32 32 32 and book a taxi, quickly, easily and comfortably.\" \/>\n<meta name=\"robots\" content=\"index, follow, max-snippet:-1, max-image-preview:large, max-video-preview:-1\" \/>\n<link rel=\"canonical\" href=\"https:\/\/taxi.fo\/en\/forsida\/\" \/>\n<meta property=\"og:locale\" content=\"en_US\" \/>\n<meta property=\"og:type\" content=\"article\" \/>\n<meta property=\"og:title\" content=\"Taxi Bil, taxi and AirportTaxi around the Faroe Islands\" \/>\n<meta property=\"og:description\" content=\"Daily taxi service, AirportTaxi to and from T\u00f3rshavn, call 32 32 32 and book a taxi, quickly, easily and comfortably.\" \/>\n<meta property=\"og:url\" content=\"https:\/\/taxi.fo\/en\/forsida\/\" \/>\n<meta property=\"og:site_name\" content=\"Taxi Bil\" \/>\n<meta property=\"article:publisher\" content=\"https:\/\/www.facebook.com\/taxi.bil.1\/\" \/>\n<meta property=\"article:modified_time\" content=\"2020-02-14T09:01:59+00:00\" \/>\n<meta property=\"og:image\" content=\"https:\/\/taxi.fo\/wp-content\/uploads\/2018\/09\/taxi-fo_share_regular_ny-1.png\" \/>\n\t<meta property=\"og:image:width\" content=\"1200\" \/>\n\t<meta property=\"og:image:height\" content=\"628\" \/>\n\t<meta property=\"og:image:type\" content=\"image\/png\" \/>\n<meta name=\"twitter:card\" content=\"summary_large_image\" \/>\n<meta name=\"twitter:label1\" content=\"Est. reading time\" \/>\n\t<meta name=\"twitter:data1\" content=\"1 minute\" \/>\n<script type=\"application\/ld+json\" class=\"yoast-schema-graph\">{\"@context\":\"https:\\\/\\\/schema.org\",\"@graph\":[{\"@type\":\"WebPage\",\"@id\":\"https:\\\/\\\/taxi.fo\\\/en\\\/forsida\\\/\",\"url\":\"https:\\\/\\\/taxi.fo\\\/en\\\/forsida\\\/\",\"name\":\"Taxi Bil, taxi and AirportTaxi around the Faroe Islands\",\"isPartOf\":{\"@id\":\"https:\\\/\\\/taxi.fo\\\/en\\\/#website\"},\"primaryImageOfPage\":{\"@id\":\"https:\\\/\\\/taxi.fo\\\/en\\\/forsida\\\/#primaryimage\"},\"image\":{\"@id\":\"https:\\\/\\\/taxi.fo\\\/en\\\/forsida\\\/#primaryimage\"},\"thumbnailUrl\":\"https:\\\/\\\/taxi.fo\\\/wp-content\\\/uploads\\\/2018\\\/09\\\/um_3.jpg\",\"datePublished\":\"2016-05-31T21:32:06+00:00\",\"dateModified\":\"2020-02-14T09:01:59+00:00\",\"description\":\"Daily taxi service, AirportTaxi to and from T\u00f3rshavn, call 32 32 32 and book a taxi, quickly, easily and comfortably.\",\"breadcrumb\":{\"@id\":\"https:\\\/\\\/taxi.fo\\\/en\\\/forsida\\\/#breadcrumb\"},\"inLanguage\":\"en-US\",\"potentialAction\":[{\"@type\":\"ReadAction\",\"target\":[\"https:\\\/\\\/taxi.fo\\\/en\\\/forsida\\\/\"]}]},{\"@type\":\"ImageObject\",\"inLanguage\":\"en-US\",\"@id\":\"https:\\\/\\\/taxi.fo\\\/en\\\/forsida\\\/#primaryimage\",\"url\":\"https:\\\/\\\/taxi.fo\\\/wp-content\\\/uploads\\\/2018\\\/09\\\/um_3.jpg\",\"contentUrl\":\"https:\\\/\\\/taxi.fo\\\/wp-content\\\/uploads\\\/2018\\\/09\\\/um_3.jpg\"},{\"@type\":\"BreadcrumbList\",\"@id\":\"https:\\\/\\\/taxi.fo\\\/en\\\/forsida\\\/#breadcrumb\",\"itemListElement\":[{\"@type\":\"ListItem\",\"position\":1,\"name\":\"Home\",\"item\":\"https:\\\/\\\/taxi.fo\\\/en\\\/\"},{\"@type\":\"ListItem\",\"position\":2,\"name\":\"Frontpage\"}]},{\"@type\":\"WebSite\",\"@id\":\"https:\\\/\\\/taxi.fo\\\/en\\\/#website\",\"url\":\"https:\\\/\\\/taxi.fo\\\/en\\\/\",\"name\":\"Taxi Bil\",\"description\":\"\",\"publisher\":{\"@id\":\"https:\\\/\\\/taxi.fo\\\/en\\\/#organization\"},\"potentialAction\":[{\"@type\":\"SearchAction\",\"target\":{\"@type\":\"EntryPoint\",\"urlTemplate\":\"https:\\\/\\\/taxi.fo\\\/en\\\/?s={search_term_string}\"},\"query-input\":{\"@type\":\"PropertyValueSpecification\",\"valueRequired\":true,\"valueName\":\"search_term_string\"}}],\"inLanguage\":\"en-US\"},{\"@type\":\"Organization\",\"@id\":\"https:\\\/\\\/taxi.fo\\\/en\\\/#organization\",\"name\":\"Taxi Bil\",\"url\":\"https:\\\/\\\/taxi.fo\\\/en\\\/\",\"logo\":{\"@type\":\"ImageObject\",\"inLanguage\":\"en-US\",\"@id\":\"https:\\\/\\\/taxi.fo\\\/en\\\/#\\\/schema\\\/logo\\\/image\\\/\",\"url\":\"https:\\\/\\\/taxi.fo\\\/wp-content\\\/uploads\\\/2016\\\/04\\\/logo_demo.png\",\"contentUrl\":\"https:\\\/\\\/taxi.fo\\\/wp-content\\\/uploads\\\/2016\\\/04\\\/logo_demo.png\",\"width\":156,\"height\":153,\"caption\":\"Taxi Bil\"},\"image\":{\"@id\":\"https:\\\/\\\/taxi.fo\\\/en\\\/#\\\/schema\\\/logo\\\/image\\\/\"},\"sameAs\":[\"https:\\\/\\\/www.facebook.com\\\/taxi.bil.1\\\/\"]}]}<\/script>\n<!-- \/ Yoast SEO plugin. -->","yoast_head_json":{"title":"Taxi Bil, taxi and AirportTaxi around the Faroe Islands","description":"Daily taxi service, AirportTaxi to and from T\u00f3rshavn, call 32 32 32 and book a taxi, quickly, easily and comfortably.","robots":{"index":"index","follow":"follow","max-snippet":"max-snippet:-1","max-image-preview":"max-image-preview:large","max-video-preview":"max-video-preview:-1"},"canonical":"https:\/\/taxi.fo\/en\/forsida\/","og_locale":"en_US","og_type":"article","og_title":"Taxi Bil, taxi and AirportTaxi around the Faroe Islands","og_description":"Daily taxi service, AirportTaxi to and from T\u00f3rshavn, call 32 32 32 and book a taxi, quickly, easily and comfortably.","og_url":"https:\/\/taxi.fo\/en\/forsida\/","og_site_name":"Taxi Bil","article_publisher":"https:\/\/www.facebook.com\/taxi.bil.1\/","article_modified_time":"2020-02-14T09:01:59+00:00","og_image":[{"width":1200,"height":628,"url":"https:\/\/taxi.fo\/wp-content\/uploads\/2018\/09\/taxi-fo_share_regular_ny-1.png","type":"image\/png"}],"twitter_card":"summary_large_image","twitter_misc":{"Est. reading time":"1 minute"},"schema":{"@context":"https:\/\/schema.org","@graph":[{"@type":"WebPage","@id":"https:\/\/taxi.fo\/en\/forsida\/","url":"https:\/\/taxi.fo\/en\/forsida\/","name":"Taxi Bil, taxi and AirportTaxi around the Faroe Islands","isPartOf":{"@id":"https:\/\/taxi.fo\/en\/#website"},"primaryImageOfPage":{"@id":"https:\/\/taxi.fo\/en\/forsida\/#primaryimage"},"image":{"@id":"https:\/\/taxi.fo\/en\/forsida\/#primaryimage"},"thumbnailUrl":"https:\/\/taxi.fo\/wp-content\/uploads\/2018\/09\/um_3.jpg","datePublished":"2016-05-31T21:32:06+00:00","dateModified":"2020-02-14T09:01:59+00:00","description":"Daily taxi service, AirportTaxi to and from T\u00f3rshavn, call 32 32 32 and book a taxi, quickly, easily and comfortably.","breadcrumb":{"@id":"https:\/\/taxi.fo\/en\/forsida\/#breadcrumb"},"inLanguage":"en-US","potentialAction":[{"@type":"ReadAction","target":["https:\/\/taxi.fo\/en\/forsida\/"]}]},{"@type":"ImageObject","inLanguage":"en-US","@id":"https:\/\/taxi.fo\/en\/forsida\/#primaryimage","url":"https:\/\/taxi.fo\/wp-content\/uploads\/2018\/09\/um_3.jpg","contentUrl":"https:\/\/taxi.fo\/wp-content\/uploads\/2018\/09\/um_3.jpg"},{"@type":"BreadcrumbList","@id":"https:\/\/taxi.fo\/en\/forsida\/#breadcrumb","itemListElement":[{"@type":"ListItem","position":1,"name":"Home","item":"https:\/\/taxi.fo\/en\/"},{"@type":"ListItem","position":2,"name":"Frontpage"}]},{"@type":"WebSite","@id":"https:\/\/taxi.fo\/en\/#website","url":"https:\/\/taxi.fo\/en\/","name":"Taxi Bil","description":"","publisher":{"@id":"https:\/\/taxi.fo\/en\/#organization"},"potentialAction":[{"@type":"SearchAction","target":{"@type":"EntryPoint","urlTemplate":"https:\/\/taxi.fo\/en\/?s={search_term_string}"},"query-input":{"@type":"PropertyValueSpecification","valueRequired":true,"valueName":"search_term_string"}}],"inLanguage":"en-US"},{"@type":"Organization","@id":"https:\/\/taxi.fo\/en\/#organization","name":"Taxi Bil","url":"https:\/\/taxi.fo\/en\/","logo":{"@type":"ImageObject","inLanguage":"en-US","@id":"https:\/\/taxi.fo\/en\/#\/schema\/logo\/image\/","url":"https:\/\/taxi.fo\/wp-content\/uploads\/2016\/04\/logo_demo.png","contentUrl":"https:\/\/taxi.fo\/wp-content\/uploads\/2016\/04\/logo_demo.png","width":156,"height":153,"caption":"Taxi Bil"},"image":{"@id":"https:\/\/taxi.fo\/en\/#\/schema\/logo\/image\/"},"sameAs":["https:\/\/www.facebook.com\/taxi.bil.1\/"]}]}},"_links":{"self":[{"href":"https:\/\/taxi.fo\/en\/wp-json\/wp\/v2\/pages\/2817","targetHints":{"allow":["GET"]}}],"collection":[{"href":"https:\/\/taxi.fo\/en\/wp-json\/wp\/v2\/pages"}],"about":[{"href":"https:\/\/taxi.fo\/en\/wp-json\/wp\/v2\/types\/page"}],"author":[{"embeddable":true,"href":"https:\/\/taxi.fo\/en\/wp-json\/wp\/v2\/users\/110"}],"replies":[{"embeddable":true,"href":"https:\/\/taxi.fo\/en\/wp-json\/wp\/v2\/comments?post=2817"}],"version-history":[{"count":0,"href":"https:\/\/taxi.fo\/en\/wp-json\/wp\/v2\/pages\/2817\/revisions"}],"wp:attachment":[{"href":"https:\/\/taxi.fo\/en\/wp-json\/wp\/v2\/media?parent=2817"}],"curies":[{"name":"wp","href":"https:\/\/api.w.org\/{rel}","templated":true}]}}