{"id":2874,"date":"2018-08-26T12:25:32","date_gmt":"2018-08-26T11:25:32","guid":{"rendered":"https:\/\/taxi.fo\/?page_id=2874"},"modified":"2025-09-01T17:02:39","modified_gmt":"2025-09-01T16:02:39","slug":"flightinfo-old","status":"publish","type":"page","link":"https:\/\/taxi.fo\/en\/flightinfo-old\/","title":{"rendered":"Flightinfo"},"content":{"rendered":"<div class=\"wpb-content-wrapper\"><p>[vc_row][vc_column width=&#8221;1\/2&#8243;][vc_column_text]Flightinfo and current arrival and departure times at V\u00e1ga Floghavn.[\/vc_column_text][\/vc_column][vc_column width=&#8221;1\/2&#8243;]<style type=\"text\/css\" data-type=\"the7_shortcodes-inline-css\">#default-btn-9fd60f16e8388a9afb32dee43b4b04f8.ico-right-side > i {\n  margin-right: 0px;\n  margin-left: 8px;\n}\n#default-btn-9fd60f16e8388a9afb32dee43b4b04f8 > i {\n  margin-right: 8px;\n}\n<\/style><div class=\"btn-align-right\"><a href=\"\/en\/airporttaxi\/\" class=\"default-btn-shortcode dt-btn dt-btn-m link-hover-off \" id=\"default-btn-9fd60f16e8388a9afb32dee43b4b04f8\"><i class=\"icomoon-the7-font-the7-arrow-09\"><\/i><span>Book your Airport<strong>Taxi<\/strong> to V\u00e1ga Floghavn<\/span><\/a><\/div>[\/vc_column][\/vc_row][vc_row][vc_column][vc_tabs interval=&#8221;0&#8243; style=&#8221;tab-style-four&#8221;][vc_tab title=&#8221;V\u00e1gar&#8221; tab_id=&#8221;5e263b17-f65d-10&#8243;][vc_raw_html]JTNDaWZyYW1lJTIwc3JjJTNEJTIyaHR0cHMlM0ElMkYlMkZjcmV3cG9ydGFsLmF0bGFudGljLmZvJTJGc21zJTJGRmxpZ2h0aW5mby5waHAlMjIlMjB3aWR0aCUzRCUyMjEwMCUyNSUyMiUyMGhlaWdodCUzRCUyMjQwMHB4JTIyJTIwZnJhbWVib3JkZXIlM0QlMjIwJTIyJTIwc2Nyb2xsaW5nJTNEJTIyeWVzJTIyJTNFJTNDJTJGaWZyYW1lJTNF[\/vc_raw_html][\/vc_tab][vc_tab title=&#8221;Copenhagen&#8221; tab_id=&#8221;d9591d62-00af-5&#8243;][vc_raw_html]JTNDaWZyYW1lJTIwc3JjJTNEJTIyaHR0cHMlM0ElMkYlMkZjcmV3cG9ydGFsLmF0bGFudGljLmZvJTJGc21zJTJGRmxpZ2h0aW5mby5waHAlM0ZhaXJwb3J0JTNEQ1BIJTIyJTIwd2lkdGglM0QlMjIxMDAlMjUlMjIlMjBoZWlnaHQlM0QlMjI0MDBweCUyMiUyMGZyYW1lYm9yZGVyJTNEJTIyMCUyMiUyMHNjcm9sbGluZyUzRCUyMnllcyUyMiUzRSUzQyUyRmlmcmFtZSUzRQ==[\/vc_raw_html][\/vc_tab][vc_tab title=&#8221;Billund&#8221; tab_id=&#8221;1593764170034-2-7&#8243;][vc_raw_html]JTNDaWZyYW1lJTIwc3JjJTNEJTIyaHR0cHMlM0ElMkYlMkZjcmV3cG9ydGFsLmF0bGFudGljLmZvJTJGc21zJTJGRmxpZ2h0aW5mby5waHAlM0ZhaXJwb3J0JTNEQkxMJTIyJTIwd2lkdGglM0QlMjIxMDAlMjUlMjIlMjBoZWlnaHQlM0QlMjI0MDBweCUyMiUyMGZyYW1lYm9yZGVyJTNEJTIyMCUyMiUyMHNjcm9sbGluZyUzRCUyMnllcyUyMiUzRSUzQyUyRmlmcmFtZSUzRQ==[\/vc_raw_html][\/vc_tab][vc_tab title=&#8221;Aalborg&#8221; tab_id=&#8221;1593764183103-3-9&#8243;][vc_raw_html]JTNDaWZyYW1lJTIwc3JjJTNEJTIyaHR0cHMlM0ElMkYlMkZjcmV3cG9ydGFsLmF0bGFudGljLmZvJTJGc21zJTJGRmxpZ2h0aW5mby5waHAlM0ZhaXJwb3J0JTNEQUxMJTIyJTIwd2lkdGglM0QlMjIxMDAlMjUlMjIlMjBoZWlnaHQlM0QlMjI0MDBweCUyMiUyMGZyYW1lYm9yZGVyJTNEJTIyMCUyMiUyMHNjcm9sbGluZyUzRCUyMnllcyUyMiUzRSUzQyUyRmlmcmFtZSUzRQ==[\/vc_raw_html][\/vc_tab][vc_tab title=&#8221;Reykjav\u00edk&#8221; tab_id=&#8221;1593764201942-4-0&#8243;][vc_raw_html]JTNDaWZyYW1lJTIwc3JjJTNEJTIyaHR0cHMlM0ElMkYlMkZjcmV3cG9ydGFsLmF0bGFudGljLmZvJTJGc21zJTJGRmxpZ2h0aW5mby5waHAlM0ZhaXJwb3J0JTNEUkMlMjIlMjB3aWR0aCUzRCUyMjEwMCUyNSUyMiUyMGhlaWdodCUzRCUyMjQwMHB4JTIyJTIwZnJhbWVib3JkZXIlM0QlMjIwJTIyJTIwc2Nyb2xsaW5nJTNEJTIyeWVzJTIyJTNFJTNDJTJGaWZyYW1lJTNF[\/vc_raw_html][\/vc_tab][vc_tab title=&#8221;Edinburgh&#8221; tab_id=&#8221;1593764215127-5-10&#8243;][vc_raw_html]JTNDaWZyYW1lJTIwc3JjJTNEJTIyaHR0cHMlM0ElMkYlMkZjcmV3cG9ydGFsLmF0bGFudGljLmZvJTJGc21zJTJGRmxpZ2h0aW5mb3Ntcy5waHAlM0ZhaXJwb3J0JTNERURJJTI2YW1wJTNCTCUzREZPJTIyJTIwd2lkdGglM0QlMjIxMDAlMjUlMjIlMjBoZWlnaHQlM0QlMjI0MDBweCUyMiUyMGZyYW1lYm9yZGVyJTNEJTIyMCUyMiUyMHNjcm9sbGluZyUzRCUyMnllcyUyMiUzRSUzQyUyRmlmcmFtZSUzRQ==[\/vc_raw_html][\/vc_tab][vc_tab title=&#8221;Bergen&#8221; tab_id=&#8221;1593764230632-6-10&#8243;][vc_raw_html]JTNDaWZyYW1lJTIwc3JjJTNEJTIyaHR0cHMlM0ElMkYlMkZjcmV3cG9ydGFsLmF0bGFudGljLmZvJTJGc21zJTJGRmxpZ2h0aW5mb3Ntcy5waHAlM0ZhaXJwb3J0JTNEQkdPJTI2YW1wJTNCTCUzREZPJTIyJTIwd2lkdGglM0QlMjIxMDAlMjUlMjIlMjBoZWlnaHQlM0QlMjI0MDBweCUyMiUyMGZyYW1lYm9yZGVyJTNEJTIyMCUyMiUyMHNjcm9sbGluZyUzRCUyMnllcyUyMiUzRSUzQyUyRmlmcmFtZSUzRQ==[\/vc_raw_html][\/vc_tab][vc_tab title=&#8221;Stavanger&#8221; tab_id=&#8221;1593764249258-7-6&#8243;][vc_raw_html]JTNDaWZyYW1lJTIwc3JjJTNEJTIyaHR0cHMlM0ElMkYlMkZjcmV3cG9ydGFsLmF0bGFudGljLmZvJTJGc21zJTJGRmxpZ2h0aW5mb3Ntcy5waHAlM0ZhaXJwb3J0JTNEU1ZHJTI2YW1wJTNCTCUzREZPJTIyJTIwd2lkdGglM0QlMjIxMDAlMjUlMjIlMjBoZWlnaHQlM0QlMjI0MDBweCUyMiUyMGZyYW1lYm9yZGVyJTNEJTIyMCUyMiUyMHNjcm9sbGluZyUzRCUyMnllcyUyMiUzRSUzQyUyRmlmcmFtZSUzRQ==[\/vc_raw_html][\/vc_tab][\/vc_tabs][\/vc_column][\/vc_row][vc_row][vc_column width=&#8221;1\/3&#8243;][\/vc_column][vc_column width=&#8221;1\/3&#8243;][\/vc_column][vc_column width=&#8221;1\/3&#8243;][\/vc_column][\/vc_row]<\/p>\n<\/div>","protected":false},"excerpt":{"rendered":"<p>[vc_row][vc_column width=&#8221;1\/2&#8243;][vc_column_text]Flightinfo and current arrival and departure times at V\u00e1ga Floghavn.[\/vc_column_text][\/vc_column][vc_column width=&#8221;1\/2&#8243;][\/vc_column][\/vc_row][vc_row][vc_column][vc_tabs interval=&#8221;0&#8243; style=&#8221;tab-style-four&#8221;][vc_tab title=&#8221;V\u00e1gar&#8221; tab_id=&#8221;5e263b17-f65d-10&#8243;][vc_raw_html]JTNDaWZyYW1lJTIwc3JjJTNEJTIyaHR0cHMlM0ElMkYlMkZjcmV3cG9ydGFsLmF0bGFudGljLmZvJTJGc21zJTJGRmxpZ2h0aW5mby5waHAlMjIlMjB3aWR0aCUzRCUyMjEwMCUyNSUyMiUyMGhlaWdodCUzRCUyMjQwMHB4JTIyJTIwZnJhbWVib3JkZXIlM0QlMjIwJTIyJTIwc2Nyb2xsaW5nJTNEJTIyeWVzJTIyJTNFJTNDJTJGaWZyYW1lJTNF[\/vc_raw_html][\/vc_tab][vc_tab title=&#8221;Copenhagen&#8221; tab_id=&#8221;d9591d62-00af-5&#8243;][vc_raw_html]JTNDaWZyYW1lJTIwc3JjJTNEJTIyaHR0cHMlM0ElMkYlMkZjcmV3cG9ydGFsLmF0bGFudGljLmZvJTJGc21zJTJGRmxpZ2h0aW5mby5waHAlM0ZhaXJwb3J0JTNEQ1BIJTIyJTIwd2lkdGglM0QlMjIxMDAlMjUlMjIlMjBoZWlnaHQlM0QlMjI0MDBweCUyMiUyMGZyYW1lYm9yZGVyJTNEJTIyMCUyMiUyMHNjcm9sbGluZyUzRCUyMnllcyUyMiUzRSUzQyUyRmlmcmFtZSUzRQ==[\/vc_raw_html][\/vc_tab][vc_tab title=&#8221;Billund&#8221; tab_id=&#8221;1593764170034-2-7&#8243;][vc_raw_html]JTNDaWZyYW1lJTIwc3JjJTNEJTIyaHR0cHMlM0ElMkYlMkZjcmV3cG9ydGFsLmF0bGFudGljLmZvJTJGc21zJTJGRmxpZ2h0aW5mby5waHAlM0ZhaXJwb3J0JTNEQkxMJTIyJTIwd2lkdGglM0QlMjIxMDAlMjUlMjIlMjBoZWlnaHQlM0QlMjI0MDBweCUyMiUyMGZyYW1lYm9yZGVyJTNEJTIyMCUyMiUyMHNjcm9sbGluZyUzRCUyMnllcyUyMiUzRSUzQyUyRmlmcmFtZSUzRQ==[\/vc_raw_html][\/vc_tab][vc_tab title=&#8221;Aalborg&#8221; tab_id=&#8221;1593764183103-3-9&#8243;][vc_raw_html]JTNDaWZyYW1lJTIwc3JjJTNEJTIyaHR0cHMlM0ElMkYlMkZjcmV3cG9ydGFsLmF0bGFudGljLmZvJTJGc21zJTJGRmxpZ2h0aW5mby5waHAlM0ZhaXJwb3J0JTNEQUxMJTIyJTIwd2lkdGglM0QlMjIxMDAlMjUlMjIlMjBoZWlnaHQlM0QlMjI0MDBweCUyMiUyMGZyYW1lYm9yZGVyJTNEJTIyMCUyMiUyMHNjcm9sbGluZyUzRCUyMnllcyUyMiUzRSUzQyUyRmlmcmFtZSUzRQ==[\/vc_raw_html][\/vc_tab][vc_tab title=&#8221;Reykjav\u00edk&#8221; tab_id=&#8221;1593764201942-4-0&#8243;][vc_raw_html]JTNDaWZyYW1lJTIwc3JjJTNEJTIyaHR0cHMlM0ElMkYlMkZjcmV3cG9ydGFsLmF0bGFudGljLmZvJTJGc21zJTJGRmxpZ2h0aW5mby5waHAlM0ZhaXJwb3J0JTNEUkMlMjIlMjB3aWR0aCUzRCUyMjEwMCUyNSUyMiUyMGhlaWdodCUzRCUyMjQwMHB4JTIyJTIwZnJhbWVib3JkZXIlM0QlMjIwJTIyJTIwc2Nyb2xsaW5nJTNEJTIyeWVzJTIyJTNFJTNDJTJGaWZyYW1lJTNF[\/vc_raw_html][\/vc_tab][vc_tab title=&#8221;Edinburgh&#8221; tab_id=&#8221;1593764215127-5-10&#8243;][vc_raw_html]JTNDaWZyYW1lJTIwc3JjJTNEJTIyaHR0cHMlM0ElMkYlMkZjcmV3cG9ydGFsLmF0bGFudGljLmZvJTJGc21zJTJGRmxpZ2h0aW5mb3Ntcy5waHAlM0ZhaXJwb3J0JTNERURJJTI2YW1wJTNCTCUzREZPJTIyJTIwd2lkdGglM0QlMjIxMDAlMjUlMjIlMjBoZWlnaHQlM0QlMjI0MDBweCUyMiUyMGZyYW1lYm9yZGVyJTNEJTIyMCUyMiUyMHNjcm9sbGluZyUzRCUyMnllcyUyMiUzRSUzQyUyRmlmcmFtZSUzRQ==[\/vc_raw_html][\/vc_tab][vc_tab title=&#8221;Bergen&#8221; tab_id=&#8221;1593764230632-6-10&#8243;][vc_raw_html]JTNDaWZyYW1lJTIwc3JjJTNEJTIyaHR0cHMlM0ElMkYlMkZjcmV3cG9ydGFsLmF0bGFudGljLmZvJTJGc21zJTJGRmxpZ2h0aW5mb3Ntcy5waHAlM0ZhaXJwb3J0JTNEQkdPJTI2YW1wJTNCTCUzREZPJTIyJTIwd2lkdGglM0QlMjIxMDAlMjUlMjIlMjBoZWlnaHQlM0QlMjI0MDBweCUyMiUyMGZyYW1lYm9yZGVyJTNEJTIyMCUyMiUyMHNjcm9sbGluZyUzRCUyMnllcyUyMiUzRSUzQyUyRmlmcmFtZSUzRQ==[\/vc_raw_html][\/vc_tab][vc_tab title=&#8221;Stavanger&#8221; tab_id=&#8221;1593764249258-7-6&#8243;][vc_raw_html]JTNDaWZyYW1lJTIwc3JjJTNEJTIyaHR0cHMlM0ElMkYlMkZjcmV3cG9ydGFsLmF0bGFudGljLmZvJTJGc21zJTJGRmxpZ2h0aW5mb3Ntcy5waHAlM0ZhaXJwb3J0JTNEU1ZHJTI2YW1wJTNCTCUzREZPJTIyJTIwd2lkdGglM0QlMjIxMDAlMjUlMjIlMjBoZWlnaHQlM0QlMjI0MDBweCUyMiUyMGZyYW1lYm9yZGVyJTNEJTIyMCUyMiUyMHNjcm9sbGluZyUzRCUyMnllcyUyMiUzRSUzQyUyRmlmcmFtZSUzRQ==[\/vc_raw_html][\/vc_tab][\/vc_tabs][\/vc_column][\/vc_row][vc_row][vc_column width=&#8221;1\/3&#8243;][\/vc_column][vc_column width=&#8221;1\/3&#8243;][\/vc_column][vc_column width=&#8221;1\/3&#8243;][\/vc_column][\/vc_row]<\/p>\n","protected":false},"author":110,"featured_media":0,"parent":0,"menu_order":3,"comment_status":"closed","ping_status":"closed","template":"","meta":{"_acf_changed":false,"footnotes":""},"class_list":["post-2874","page","type-page","status-publish","hentry","description-off"],"acf":[],"yoast_head":"<!-- This site is optimized with the Yoast SEO plugin v27.5 - https:\/\/yoast.com\/product\/yoast-seo-wordpress\/ -->\n<title>Flightinfo to and from V\u00e1ga Airport. Current arrival and departure times<\/title>\n<meta name=\"description\" content=\"Flightinfo and current arrival and departure times at V\u00e1ga Floghavn with Bil Taxi and AirportTaxi.\" \/>\n<meta name=\"robots\" content=\"index, follow, max-snippet:-1, max-image-preview:large, max-video-preview:-1\" \/>\n<link rel=\"canonical\" href=\"https:\/\/taxi.fo\/en\/flightinfo-old\/\" \/>\n<meta property=\"og:locale\" content=\"en_US\" \/>\n<meta property=\"og:type\" content=\"article\" \/>\n<meta property=\"og:title\" content=\"Flightinfo to and from V\u00e1ga Airport. Current arrival and departure times\" \/>\n<meta property=\"og:description\" content=\"Flyinfo - Aktuelle ankomst- og afgangstider p\u00e5 V\u00e1ga Floghavn. Bestil AirportShuttle til og fra V\u00e1ga Floghavn med Bil Taxi, AirportTaxi.\" \/>\n<meta property=\"og:url\" content=\"https:\/\/taxi.fo\/en\/flightinfo-old\/\" \/>\n<meta property=\"og:site_name\" content=\"Taxi Bil\" \/>\n<meta property=\"article:publisher\" content=\"https:\/\/www.facebook.com\/taxi.bil.1\/\" \/>\n<meta property=\"article:modified_time\" content=\"2025-09-01T16:02:39+00:00\" \/>\n<meta property=\"og:image\" content=\"https:\/\/taxi.fo\/wp-content\/uploads\/2016\/06\/taxi-fo_share_regular.png\" \/>\n\t<meta property=\"og:image:width\" content=\"1200\" \/>\n\t<meta property=\"og:image:height\" content=\"628\" \/>\n\t<meta property=\"og:image:type\" content=\"image\/png\" \/>\n<meta name=\"twitter:card\" content=\"summary_large_image\" \/>\n<meta name=\"twitter:label1\" content=\"Est. reading time\" \/>\n\t<meta name=\"twitter:data1\" content=\"1 minute\" \/>\n<script type=\"application\/ld+json\" class=\"yoast-schema-graph\">{\"@context\":\"https:\\\/\\\/schema.org\",\"@graph\":[{\"@type\":\"WebPage\",\"@id\":\"https:\\\/\\\/taxi.fo\\\/en\\\/flightinfo-old\\\/\",\"url\":\"https:\\\/\\\/taxi.fo\\\/en\\\/flightinfo-old\\\/\",\"name\":\"Flightinfo to and from V\u00e1ga Airport. Current arrival and departure times\",\"isPartOf\":{\"@id\":\"https:\\\/\\\/taxi.fo\\\/en\\\/#website\"},\"datePublished\":\"2018-08-26T11:25:32+00:00\",\"dateModified\":\"2025-09-01T16:02:39+00:00\",\"description\":\"Flightinfo and current arrival and departure times at V\u00e1ga Floghavn with Bil Taxi and AirportTaxi.\",\"breadcrumb\":{\"@id\":\"https:\\\/\\\/taxi.fo\\\/en\\\/flightinfo-old\\\/#breadcrumb\"},\"inLanguage\":\"en-US\",\"potentialAction\":[{\"@type\":\"ReadAction\",\"target\":[\"https:\\\/\\\/taxi.fo\\\/en\\\/flightinfo-old\\\/\"]}]},{\"@type\":\"BreadcrumbList\",\"@id\":\"https:\\\/\\\/taxi.fo\\\/en\\\/flightinfo-old\\\/#breadcrumb\",\"itemListElement\":[{\"@type\":\"ListItem\",\"position\":1,\"name\":\"Home\",\"item\":\"https:\\\/\\\/taxi.fo\\\/en\\\/\"},{\"@type\":\"ListItem\",\"position\":2,\"name\":\"Flightinfo\"}]},{\"@type\":\"WebSite\",\"@id\":\"https:\\\/\\\/taxi.fo\\\/en\\\/#website\",\"url\":\"https:\\\/\\\/taxi.fo\\\/en\\\/\",\"name\":\"Taxi Bil\",\"description\":\"\",\"publisher\":{\"@id\":\"https:\\\/\\\/taxi.fo\\\/en\\\/#organization\"},\"potentialAction\":[{\"@type\":\"SearchAction\",\"target\":{\"@type\":\"EntryPoint\",\"urlTemplate\":\"https:\\\/\\\/taxi.fo\\\/en\\\/?s={search_term_string}\"},\"query-input\":{\"@type\":\"PropertyValueSpecification\",\"valueRequired\":true,\"valueName\":\"search_term_string\"}}],\"inLanguage\":\"en-US\"},{\"@type\":\"Organization\",\"@id\":\"https:\\\/\\\/taxi.fo\\\/en\\\/#organization\",\"name\":\"Taxi Bil\",\"url\":\"https:\\\/\\\/taxi.fo\\\/en\\\/\",\"logo\":{\"@type\":\"ImageObject\",\"inLanguage\":\"en-US\",\"@id\":\"https:\\\/\\\/taxi.fo\\\/en\\\/#\\\/schema\\\/logo\\\/image\\\/\",\"url\":\"https:\\\/\\\/taxi.fo\\\/wp-content\\\/uploads\\\/2016\\\/04\\\/logo_demo.png\",\"contentUrl\":\"https:\\\/\\\/taxi.fo\\\/wp-content\\\/uploads\\\/2016\\\/04\\\/logo_demo.png\",\"width\":156,\"height\":153,\"caption\":\"Taxi Bil\"},\"image\":{\"@id\":\"https:\\\/\\\/taxi.fo\\\/en\\\/#\\\/schema\\\/logo\\\/image\\\/\"},\"sameAs\":[\"https:\\\/\\\/www.facebook.com\\\/taxi.bil.1\\\/\"]}]}<\/script>\n<!-- \/ Yoast SEO plugin. -->","yoast_head_json":{"title":"Flightinfo to and from V\u00e1ga Airport. Current arrival and departure times","description":"Flightinfo and current arrival and departure times at V\u00e1ga Floghavn with Bil Taxi and AirportTaxi.","robots":{"index":"index","follow":"follow","max-snippet":"max-snippet:-1","max-image-preview":"max-image-preview:large","max-video-preview":"max-video-preview:-1"},"canonical":"https:\/\/taxi.fo\/en\/flightinfo-old\/","og_locale":"en_US","og_type":"article","og_title":"Flightinfo to and from V\u00e1ga Airport. Current arrival and departure times","og_description":"Flyinfo - Aktuelle ankomst- og afgangstider p\u00e5 V\u00e1ga Floghavn. Bestil AirportShuttle til og fra V\u00e1ga Floghavn med Bil Taxi, AirportTaxi.","og_url":"https:\/\/taxi.fo\/en\/flightinfo-old\/","og_site_name":"Taxi Bil","article_publisher":"https:\/\/www.facebook.com\/taxi.bil.1\/","article_modified_time":"2025-09-01T16:02:39+00:00","og_image":[{"width":1200,"height":628,"url":"https:\/\/taxi.fo\/wp-content\/uploads\/2016\/06\/taxi-fo_share_regular.png","type":"image\/png"}],"twitter_card":"summary_large_image","twitter_misc":{"Est. reading time":"1 minute"},"schema":{"@context":"https:\/\/schema.org","@graph":[{"@type":"WebPage","@id":"https:\/\/taxi.fo\/en\/flightinfo-old\/","url":"https:\/\/taxi.fo\/en\/flightinfo-old\/","name":"Flightinfo to and from V\u00e1ga Airport. Current arrival and departure times","isPartOf":{"@id":"https:\/\/taxi.fo\/en\/#website"},"datePublished":"2018-08-26T11:25:32+00:00","dateModified":"2025-09-01T16:02:39+00:00","description":"Flightinfo and current arrival and departure times at V\u00e1ga Floghavn with Bil Taxi and AirportTaxi.","breadcrumb":{"@id":"https:\/\/taxi.fo\/en\/flightinfo-old\/#breadcrumb"},"inLanguage":"en-US","potentialAction":[{"@type":"ReadAction","target":["https:\/\/taxi.fo\/en\/flightinfo-old\/"]}]},{"@type":"BreadcrumbList","@id":"https:\/\/taxi.fo\/en\/flightinfo-old\/#breadcrumb","itemListElement":[{"@type":"ListItem","position":1,"name":"Home","item":"https:\/\/taxi.fo\/en\/"},{"@type":"ListItem","position":2,"name":"Flightinfo"}]},{"@type":"WebSite","@id":"https:\/\/taxi.fo\/en\/#website","url":"https:\/\/taxi.fo\/en\/","name":"Taxi Bil","description":"","publisher":{"@id":"https:\/\/taxi.fo\/en\/#organization"},"potentialAction":[{"@type":"SearchAction","target":{"@type":"EntryPoint","urlTemplate":"https:\/\/taxi.fo\/en\/?s={search_term_string}"},"query-input":{"@type":"PropertyValueSpecification","valueRequired":true,"valueName":"search_term_string"}}],"inLanguage":"en-US"},{"@type":"Organization","@id":"https:\/\/taxi.fo\/en\/#organization","name":"Taxi Bil","url":"https:\/\/taxi.fo\/en\/","logo":{"@type":"ImageObject","inLanguage":"en-US","@id":"https:\/\/taxi.fo\/en\/#\/schema\/logo\/image\/","url":"https:\/\/taxi.fo\/wp-content\/uploads\/2016\/04\/logo_demo.png","contentUrl":"https:\/\/taxi.fo\/wp-content\/uploads\/2016\/04\/logo_demo.png","width":156,"height":153,"caption":"Taxi Bil"},"image":{"@id":"https:\/\/taxi.fo\/en\/#\/schema\/logo\/image\/"},"sameAs":["https:\/\/www.facebook.com\/taxi.bil.1\/"]}]}},"_links":{"self":[{"href":"https:\/\/taxi.fo\/en\/wp-json\/wp\/v2\/pages\/2874","targetHints":{"allow":["GET"]}}],"collection":[{"href":"https:\/\/taxi.fo\/en\/wp-json\/wp\/v2\/pages"}],"about":[{"href":"https:\/\/taxi.fo\/en\/wp-json\/wp\/v2\/types\/page"}],"author":[{"embeddable":true,"href":"https:\/\/taxi.fo\/en\/wp-json\/wp\/v2\/users\/110"}],"replies":[{"embeddable":true,"href":"https:\/\/taxi.fo\/en\/wp-json\/wp\/v2\/comments?post=2874"}],"version-history":[{"count":0,"href":"https:\/\/taxi.fo\/en\/wp-json\/wp\/v2\/pages\/2874\/revisions"}],"wp:attachment":[{"href":"https:\/\/taxi.fo\/en\/wp-json\/wp\/v2\/media?parent=2874"}],"curies":[{"name":"wp","href":"https:\/\/api.w.org\/{rel}","templated":true}]}}