{"id":6464,"date":"2025-08-20T13:43:35","date_gmt":"2025-08-20T12:43:35","guid":{"rendered":"https:\/\/taxi.fo\/?page_id=6464"},"modified":"2025-09-01T17:03:12","modified_gmt":"2025-09-01T16:03:12","slug":"flightinfo","status":"publish","type":"page","link":"https:\/\/taxi.fo\/en\/flightinfo\/","title":{"rendered":"Flightinfo"},"content":{"rendered":"\t\t<div data-elementor-type=\"wp-page\" data-elementor-id=\"6464\" class=\"elementor elementor-6464 elementor-6187\" data-elementor-post-type=\"page\">\n\t\t\t\t<div class=\"elementor-element elementor-element-3ff251e e-flex e-con-boxed e-con e-parent\" data-id=\"3ff251e\" data-element_type=\"container\" data-settings=\"{&quot;background_background&quot;:&quot;classic&quot;}\">\n\t\t\t\t\t<div class=\"e-con-inner\">\n\t\t\t\t\t<\/div>\n\t\t\t\t<\/div>\n\t\t<div class=\"elementor-element elementor-element-25aec47 e-flex e-con-boxed e-con e-parent\" data-id=\"25aec47\" data-element_type=\"container\">\n\t\t\t\t\t<div class=\"e-con-inner\">\n\t\t<div class=\"elementor-element elementor-element-60b38d2 e-con-full e-flex e-con e-child\" data-id=\"60b38d2\" data-element_type=\"container\">\n\t\t<div class=\"elementor-element elementor-element-18bae8b e-con-full e-flex e-con e-child\" data-id=\"18bae8b\" data-element_type=\"container\">\n\t\t<div class=\"elementor-element elementor-element-1e10f0c e-con-full e-flex e-con e-child\" data-id=\"1e10f0c\" data-element_type=\"container\">\n\t\t\t\t<div class=\"elementor-element elementor-element-35bd666 elementor-widget__width-inherit elementor-widget elementor-widget-text-editor\" data-id=\"35bd666\" data-element_type=\"widget\" data-widget_type=\"text-editor.default\">\n\t\t\t\t\t\t\t\t\t<p>Flightinfo and current arrival and departure times at V\u00e1ga Floghavn.<\/p>\t\t\t\t\t\t\t\t<\/div>\n\t\t\t\t<\/div>\n\t\t<div class=\"elementor-element elementor-element-cbec67c e-con-full e-flex e-con e-child\" data-id=\"cbec67c\" data-element_type=\"container\">\n\t\t\t\t<div class=\"elementor-element elementor-element-b876848 elementor-align-right elementor-widget elementor-widget-button\" data-id=\"b876848\" data-element_type=\"widget\" data-widget_type=\"button.default\">\n\t\t\t\t\t\t\t\t\t\t<a class=\"elementor-button elementor-button-link elementor-size-sm\" href=\"https:\/\/taxi.fo\/en\/?p=290\">\n\t\t\t\t\t\t<span class=\"elementor-button-content-wrapper\">\n\t\t\t\t\t\t\t\t\t<span class=\"elementor-button-text\">Book your AirportTaxi to V\u00e1ga Floghavn<\/span>\n\t\t\t\t\t<\/span>\n\t\t\t\t\t<\/a>\n\t\t\t\t\t\t\t\t<\/div>\n\t\t\t\t<\/div>\n\t\t\t\t<\/div>\n\t\t<div class=\"elementor-element elementor-element-dbd23f5 e-con-full e-flex e-con e-child\" data-id=\"dbd23f5\" data-element_type=\"container\">\n\t\t\t\t<div class=\"elementor-element elementor-element-60aa1c0 elementor-widget__width-inherit elementor-widget elementor-widget-image\" data-id=\"60aa1c0\" data-element_type=\"widget\" data-widget_type=\"image.default\">\n\t\t\t\t\t\t\t\t\t\t\t\t\t\t\t<img fetchpriority=\"high\" decoding=\"async\" width=\"660\" height=\"340\" src=\"https:\/\/taxi.fo\/wp-content\/smush-webp\/2025\/08\/fae_2017_01_660x340.jpg.webp\" class=\"attachment-large size-large wp-image-6193\" alt=\"\" srcset=\"https:\/\/taxi.fo\/wp-content\/smush-webp\/2025\/08\/fae_2017_01_660x340.jpg.webp 660w, https:\/\/taxi.fo\/wp-content\/smush-webp\/2025\/08\/fae_2017_01_660x340-300x155.jpg.webp 300w, https:\/\/taxi.fo\/wp-content\/smush-webp\/2025\/08\/fae_2017_01_660x340-600x309.jpg.webp 600w\" sizes=\"(max-width: 660px) 100vw, 660px\" \/>\t\t\t\t\t\t\t\t\t\t\t\t\t\t\t<\/div>\n\t\t\t\t<\/div>\n\t\t<div class=\"elementor-element elementor-element-b1d9f21 e-con-full e-flex e-con e-child\" data-id=\"b1d9f21\" data-element_type=\"container\">\n\t\t<div class=\"elementor-element elementor-element-02e703a e-con-full e-flex e-con e-child\" data-id=\"02e703a\" data-element_type=\"container\">\n\t\t\t\t<div class=\"elementor-element elementor-element-cc7b4af elementor-widget elementor-widget-heading\" data-id=\"cc7b4af\" data-element_type=\"widget\" data-widget_type=\"heading.default\">\n\t\t\t\t\t<h2 class=\"elementor-heading-title elementor-size-default\">The air traffic at V\u00e1gar Airport<\/h2>\t\t\t\t<\/div>\n\t\t\t\t<div class=\"elementor-element elementor-element-1f27e9a elementor-widget elementor-widget-text-editor\" data-id=\"1f27e9a\" data-element_type=\"widget\" data-widget_type=\"text-editor.default\">\n\t\t\t\t\t\t\t\t\t<p>Arrivals and departures at V\u00e1gar Airport.<\/p>\t\t\t\t\t\t\t\t<\/div>\n\t\t\t\t<\/div>\n\t\t<div class=\"elementor-element elementor-element-1332ef8 e-con-full e-flex e-con e-child\" data-id=\"1332ef8\" data-element_type=\"container\">\n\t\t\t\t<div class=\"elementor-element elementor-element-27ae745 elementor-align-right elementor-widget elementor-widget-button\" data-id=\"27ae745\" data-element_type=\"widget\" data-widget_type=\"button.default\">\n\t\t\t\t\t\t\t\t\t\t<a class=\"elementor-button elementor-button-link elementor-size-sm\" href=\"https:\/\/www.fae.fo\/\" target=\"_blank\">\n\t\t\t\t\t\t<span class=\"elementor-button-content-wrapper\">\n\t\t\t\t\t\t\t\t\t<span class=\"elementor-button-text\">Go to Vagar Airport.<\/span>\n\t\t\t\t\t<\/span>\n\t\t\t\t\t<\/a>\n\t\t\t\t\t\t\t\t<\/div>\n\t\t\t\t<\/div>\n\t\t\t\t<\/div>\n\t\t\t\t<\/div>\n\t\t<div class=\"elementor-element elementor-element-3edb7a1 e-con-full e-flex e-con e-child\" data-id=\"3edb7a1\" data-element_type=\"container\">\n\t\t\t\t<div class=\"elementor-element elementor-element-e5821ff elementor-widget elementor-widget-image\" data-id=\"e5821ff\" data-element_type=\"widget\" data-widget_type=\"image.default\">\n\t\t\t\t\t\t\t\t\t\t\t\t\t\t\t\t<a href=\"https:\/\/taxi.fo\/en\/?p=290\">\n\t\t\t\t\t\t\t<img decoding=\"async\" width=\"296\" height=\"360\" data-src=\"https:\/\/taxi.fo\/wp-content\/smush-webp\/2025\/08\/taxi-airporttaxi.jpg.webp\" class=\"attachment-full size-full wp-image-6196 lazyload\" alt=\"\" data-srcset=\"https:\/\/taxi.fo\/wp-content\/smush-webp\/2025\/08\/taxi-airporttaxi.jpg.webp 296w, https:\/\/taxi.fo\/wp-content\/smush-webp\/2025\/08\/taxi-airporttaxi-247x300.jpg.webp 247w\" data-sizes=\"(max-width: 296px) 100vw, 296px\" src=\"data:image\/svg+xml;base64,PHN2ZyB3aWR0aD0iMSIgaGVpZ2h0PSIxIiB4bWxucz0iaHR0cDovL3d3dy53My5vcmcvMjAwMC9zdmciPjwvc3ZnPg==\" style=\"--smush-placeholder-width: 296px; --smush-placeholder-aspect-ratio: 296\/360;\" \/>\t\t\t\t\t\t\t\t<\/a>\n\t\t\t\t\t\t\t\t\t\t\t\t\t\t\t<\/div>\n\t\t\t\t<\/div>\n\t\t\t\t\t<\/div>\n\t\t\t\t<\/div>\n\t\t\t\t<\/div>\n\t\t","protected":false},"excerpt":{"rendered":"<p>Flightinfo and current arrival and departure times at V\u00e1ga Floghavn. Book your AirportTaxi to V\u00e1ga Floghavn The air traffic at V\u00e1gar Airport Arrivals and departures at V\u00e1gar Airport. Go to Vagar Airport.<\/p>\n","protected":false},"author":111,"featured_media":0,"parent":0,"menu_order":0,"comment_status":"closed","ping_status":"closed","template":"elementor_header_footer","meta":{"_acf_changed":false,"footnotes":""},"class_list":["post-6464","page","type-page","status-publish","hentry"],"acf":[],"yoast_head":"<!-- This site is optimized with the Yoast SEO plugin v26.2 - https:\/\/yoast.com\/wordpress\/plugins\/seo\/ -->\n<title>Flightinfo - Taxi Bil<\/title>\n<meta name=\"robots\" content=\"index, follow, max-snippet:-1, max-image-preview:large, max-video-preview:-1\" \/>\n<link rel=\"canonical\" href=\"https:\/\/taxi.fo\/en\/flightinfo\/\" \/>\n<meta property=\"og:locale\" content=\"en_US\" \/>\n<meta property=\"og:type\" content=\"article\" \/>\n<meta property=\"og:title\" content=\"Flightinfo - Taxi Bil\" \/>\n<meta property=\"og:description\" content=\"Flightinfo and current arrival and departure times at V\u00e1ga Floghavn. Book your AirportTaxi to V\u00e1ga Floghavn The air traffic at V\u00e1gar Airport Arrivals and departures at V\u00e1gar Airport. Go to Vagar Airport.\" \/>\n<meta property=\"og:url\" content=\"https:\/\/taxi.fo\/en\/flightinfo\/\" \/>\n<meta property=\"og:site_name\" content=\"Taxi Bil\" \/>\n<meta property=\"article:publisher\" content=\"https:\/\/www.facebook.com\/taxi.bil.1\/\" \/>\n<meta property=\"article:modified_time\" content=\"2025-09-01T16:03:12+00:00\" \/>\n<meta property=\"og:image\" content=\"https:\/\/taxi.fo\/wp-content\/uploads\/2025\/08\/fae_2017_01_660x340.jpg\" \/>\n<meta name=\"twitter:card\" content=\"summary_large_image\" \/>\n<meta name=\"twitter:label1\" content=\"Est. reading time\" \/>\n\t<meta name=\"twitter:data1\" content=\"1 minute\" \/>\n<script type=\"application\/ld+json\" class=\"yoast-schema-graph\">{\"@context\":\"https:\/\/schema.org\",\"@graph\":[{\"@type\":\"WebPage\",\"@id\":\"https:\/\/taxi.fo\/en\/flightinfo\/\",\"url\":\"https:\/\/taxi.fo\/en\/flightinfo\/\",\"name\":\"Flightinfo - Taxi Bil\",\"isPartOf\":{\"@id\":\"https:\/\/taxi.fo\/en\/#website\"},\"primaryImageOfPage\":{\"@id\":\"https:\/\/taxi.fo\/en\/flightinfo\/#primaryimage\"},\"image\":{\"@id\":\"https:\/\/taxi.fo\/en\/flightinfo\/#primaryimage\"},\"thumbnailUrl\":\"https:\/\/taxi.fo\/wp-content\/uploads\/2025\/08\/fae_2017_01_660x340.jpg\",\"datePublished\":\"2025-08-20T12:43:35+00:00\",\"dateModified\":\"2025-09-01T16:03:12+00:00\",\"breadcrumb\":{\"@id\":\"https:\/\/taxi.fo\/en\/flightinfo\/#breadcrumb\"},\"inLanguage\":\"en-US\",\"potentialAction\":[{\"@type\":\"ReadAction\",\"target\":[\"https:\/\/taxi.fo\/en\/flightinfo\/\"]}]},{\"@type\":\"ImageObject\",\"inLanguage\":\"en-US\",\"@id\":\"https:\/\/taxi.fo\/en\/flightinfo\/#primaryimage\",\"url\":\"https:\/\/taxi.fo\/wp-content\/uploads\/2025\/08\/fae_2017_01_660x340.jpg\",\"contentUrl\":\"https:\/\/taxi.fo\/wp-content\/uploads\/2025\/08\/fae_2017_01_660x340.jpg\"},{\"@type\":\"BreadcrumbList\",\"@id\":\"https:\/\/taxi.fo\/en\/flightinfo\/#breadcrumb\",\"itemListElement\":[{\"@type\":\"ListItem\",\"position\":1,\"name\":\"Home\",\"item\":\"https:\/\/taxi.fo\/en\/\"},{\"@type\":\"ListItem\",\"position\":2,\"name\":\"Flightinfo\"}]},{\"@type\":\"WebSite\",\"@id\":\"https:\/\/taxi.fo\/en\/#website\",\"url\":\"https:\/\/taxi.fo\/en\/\",\"name\":\"Taxi Bil\",\"description\":\"\",\"publisher\":{\"@id\":\"https:\/\/taxi.fo\/en\/#organization\"},\"potentialAction\":[{\"@type\":\"SearchAction\",\"target\":{\"@type\":\"EntryPoint\",\"urlTemplate\":\"https:\/\/taxi.fo\/en\/?s={search_term_string}\"},\"query-input\":{\"@type\":\"PropertyValueSpecification\",\"valueRequired\":true,\"valueName\":\"search_term_string\"}}],\"inLanguage\":\"en-US\"},{\"@type\":\"Organization\",\"@id\":\"https:\/\/taxi.fo\/en\/#organization\",\"name\":\"Taxi Bil\",\"url\":\"https:\/\/taxi.fo\/en\/\",\"logo\":{\"@type\":\"ImageObject\",\"inLanguage\":\"en-US\",\"@id\":\"https:\/\/taxi.fo\/en\/#\/schema\/logo\/image\/\",\"url\":\"https:\/\/taxi.fo\/wp-content\/uploads\/2016\/04\/logo_demo.png\",\"contentUrl\":\"https:\/\/taxi.fo\/wp-content\/uploads\/2016\/04\/logo_demo.png\",\"width\":156,\"height\":153,\"caption\":\"Taxi Bil\"},\"image\":{\"@id\":\"https:\/\/taxi.fo\/en\/#\/schema\/logo\/image\/\"},\"sameAs\":[\"https:\/\/www.facebook.com\/taxi.bil.1\/\"]}]}<\/script>\n<!-- \/ Yoast SEO plugin. -->","yoast_head_json":{"title":"Flightinfo - Taxi Bil","robots":{"index":"index","follow":"follow","max-snippet":"max-snippet:-1","max-image-preview":"max-image-preview:large","max-video-preview":"max-video-preview:-1"},"canonical":"https:\/\/taxi.fo\/en\/flightinfo\/","og_locale":"en_US","og_type":"article","og_title":"Flightinfo - Taxi Bil","og_description":"Flightinfo and current arrival and departure times at V\u00e1ga Floghavn. Book your AirportTaxi to V\u00e1ga Floghavn The air traffic at V\u00e1gar Airport Arrivals and departures at V\u00e1gar Airport. Go to Vagar Airport.","og_url":"https:\/\/taxi.fo\/en\/flightinfo\/","og_site_name":"Taxi Bil","article_publisher":"https:\/\/www.facebook.com\/taxi.bil.1\/","article_modified_time":"2025-09-01T16:03:12+00:00","og_image":[{"url":"https:\/\/taxi.fo\/wp-content\/uploads\/2025\/08\/fae_2017_01_660x340.jpg","type":"","width":"","height":""}],"twitter_card":"summary_large_image","twitter_misc":{"Est. reading time":"1 minute"},"schema":{"@context":"https:\/\/schema.org","@graph":[{"@type":"WebPage","@id":"https:\/\/taxi.fo\/en\/flightinfo\/","url":"https:\/\/taxi.fo\/en\/flightinfo\/","name":"Flightinfo - Taxi Bil","isPartOf":{"@id":"https:\/\/taxi.fo\/en\/#website"},"primaryImageOfPage":{"@id":"https:\/\/taxi.fo\/en\/flightinfo\/#primaryimage"},"image":{"@id":"https:\/\/taxi.fo\/en\/flightinfo\/#primaryimage"},"thumbnailUrl":"https:\/\/taxi.fo\/wp-content\/uploads\/2025\/08\/fae_2017_01_660x340.jpg","datePublished":"2025-08-20T12:43:35+00:00","dateModified":"2025-09-01T16:03:12+00:00","breadcrumb":{"@id":"https:\/\/taxi.fo\/en\/flightinfo\/#breadcrumb"},"inLanguage":"en-US","potentialAction":[{"@type":"ReadAction","target":["https:\/\/taxi.fo\/en\/flightinfo\/"]}]},{"@type":"ImageObject","inLanguage":"en-US","@id":"https:\/\/taxi.fo\/en\/flightinfo\/#primaryimage","url":"https:\/\/taxi.fo\/wp-content\/uploads\/2025\/08\/fae_2017_01_660x340.jpg","contentUrl":"https:\/\/taxi.fo\/wp-content\/uploads\/2025\/08\/fae_2017_01_660x340.jpg"},{"@type":"BreadcrumbList","@id":"https:\/\/taxi.fo\/en\/flightinfo\/#breadcrumb","itemListElement":[{"@type":"ListItem","position":1,"name":"Home","item":"https:\/\/taxi.fo\/en\/"},{"@type":"ListItem","position":2,"name":"Flightinfo"}]},{"@type":"WebSite","@id":"https:\/\/taxi.fo\/en\/#website","url":"https:\/\/taxi.fo\/en\/","name":"Taxi Bil","description":"","publisher":{"@id":"https:\/\/taxi.fo\/en\/#organization"},"potentialAction":[{"@type":"SearchAction","target":{"@type":"EntryPoint","urlTemplate":"https:\/\/taxi.fo\/en\/?s={search_term_string}"},"query-input":{"@type":"PropertyValueSpecification","valueRequired":true,"valueName":"search_term_string"}}],"inLanguage":"en-US"},{"@type":"Organization","@id":"https:\/\/taxi.fo\/en\/#organization","name":"Taxi Bil","url":"https:\/\/taxi.fo\/en\/","logo":{"@type":"ImageObject","inLanguage":"en-US","@id":"https:\/\/taxi.fo\/en\/#\/schema\/logo\/image\/","url":"https:\/\/taxi.fo\/wp-content\/uploads\/2016\/04\/logo_demo.png","contentUrl":"https:\/\/taxi.fo\/wp-content\/uploads\/2016\/04\/logo_demo.png","width":156,"height":153,"caption":"Taxi Bil"},"image":{"@id":"https:\/\/taxi.fo\/en\/#\/schema\/logo\/image\/"},"sameAs":["https:\/\/www.facebook.com\/taxi.bil.1\/"]}]}},"_links":{"self":[{"href":"https:\/\/taxi.fo\/en\/wp-json\/wp\/v2\/pages\/6464","targetHints":{"allow":["GET"]}}],"collection":[{"href":"https:\/\/taxi.fo\/en\/wp-json\/wp\/v2\/pages"}],"about":[{"href":"https:\/\/taxi.fo\/en\/wp-json\/wp\/v2\/types\/page"}],"author":[{"embeddable":true,"href":"https:\/\/taxi.fo\/en\/wp-json\/wp\/v2\/users\/111"}],"replies":[{"embeddable":true,"href":"https:\/\/taxi.fo\/en\/wp-json\/wp\/v2\/comments?post=6464"}],"version-history":[{"count":0,"href":"https:\/\/taxi.fo\/en\/wp-json\/wp\/v2\/pages\/6464\/revisions"}],"wp:attachment":[{"href":"https:\/\/taxi.fo\/en\/wp-json\/wp\/v2\/media?parent=6464"}],"curies":[{"name":"wp","href":"https:\/\/api.w.org\/{rel}","templated":true}]}}