{"id":6528,"date":"2025-08-20T15:26:21","date_gmt":"2025-08-20T14:26:21","guid":{"rendered":"https:\/\/taxi.fo\/?page_id=6528"},"modified":"2025-09-01T17:43:18","modified_gmt":"2025-09-01T16:43:18","slug":"about","status":"publish","type":"page","link":"https:\/\/taxi.fo\/en\/about\/","title":{"rendered":"About us"},"content":{"rendered":"\t\t<div data-elementor-type=\"wp-page\" data-elementor-id=\"6528\" class=\"elementor elementor-6528 elementor-6270\" data-elementor-post-type=\"page\">\n\t\t\t\t<div class=\"elementor-element elementor-element-0e65095 e-flex e-con-boxed e-con e-parent\" data-id=\"0e65095\" data-element_type=\"container\" data-settings=\"{&quot;background_background&quot;:&quot;classic&quot;}\">\n\t\t\t\t\t<div class=\"e-con-inner\">\n\t\t\t\t\t<\/div>\n\t\t\t\t<\/div>\n\t\t<div class=\"elementor-element elementor-element-39a7f31 e-flex e-con-boxed e-con e-parent\" data-id=\"39a7f31\" data-element_type=\"container\" data-settings=\"{&quot;background_background&quot;:&quot;classic&quot;}\">\n\t\t\t\t\t<div class=\"e-con-inner\">\n\t\t<div class=\"elementor-element elementor-element-7e050c3 e-con-full e-flex e-con e-child\" data-id=\"7e050c3\" data-element_type=\"container\">\n\t\t\t\t<div class=\"elementor-element elementor-element-8a999d9 elementor-widget__width-inherit elementor-widget elementor-widget-image\" data-id=\"8a999d9\" data-element_type=\"widget\" data-widget_type=\"image.default\">\n\t\t\t\t\t\t\t\t\t\t\t\t\t\t\t<img fetchpriority=\"high\" decoding=\"async\" width=\"386\" height=\"587\" src=\"https:\/\/taxi.fo\/wp-content\/smush-webp\/2025\/08\/bil-glmynd_1.jpg.webp\" class=\"attachment-large size-large wp-image-6084\" alt=\"\" srcset=\"https:\/\/taxi.fo\/wp-content\/smush-webp\/2025\/08\/bil-glmynd_1.jpg.webp 386w, https:\/\/taxi.fo\/wp-content\/smush-webp\/2025\/08\/bil-glmynd_1-197x300.jpg.webp 197w\" sizes=\"(max-width: 386px) 100vw, 386px\" \/>\t\t\t\t\t\t\t\t\t\t\t\t\t\t\t<\/div>\n\t\t\t\t<\/div>\n\t\t<div class=\"elementor-element elementor-element-0f5143f e-con-full e-flex e-con e-child\" data-id=\"0f5143f\" data-element_type=\"container\">\n\t\t\t\t<div class=\"elementor-element elementor-element-173bbf2 elementor-widget elementor-widget-heading\" data-id=\"173bbf2\" data-element_type=\"widget\" data-widget_type=\"heading.default\">\n\t\t\t\t\t<h2 class=\"elementor-heading-title elementor-size-default\">The history<\/h2>\t\t\t\t<\/div>\n\t\t\t\t<div class=\"elementor-element elementor-element-0f8cf42 elementor-widget elementor-widget-text-editor\" data-id=\"0f8cf42\" data-element_type=\"widget\" data-widget_type=\"text-editor.default\">\n\t\t\t\t\t\t\t\t\t<p>\u201cBilst\u00f8in Bil\u201d was established in 1952. It was Hans Mellemgaard, Eiler Thorsvig, Hans A. Davidsen, Poul Gaard Hansen and Pauli Gaard Hansen who started \u201cBilst\u00f8in Bil\u201d back in 1952.<\/p><p>Initially, the station was located in Niels Finsensg\u00f8tu, but was moved to Li\u00f0ag\u00f8tu in 1960. Two years later, \u201cBilst\u00f8inin V\u00e1gsbotni\u201d was merged with \u201cBil\u201d.<\/p><p>When the \u201cOyggjarvegurin\u201d was made and went north towards \u201cH\u00f3risg\u00f8tu\u201d, \u201cBilst\u00f8in Bil\u201d had a regular drive of passes between Hvalv\u00edk and Sundabr\u00fanna.<\/p><p>In June 1963, when air traffic started, the Bil had regular services to and from the airport.<\/p><p>At the time it was that passengers ordered space with one of our cars in the evening or early in the morning before they were collected at home, and the trip then went to Vestmanna (before the tunnel came), where there was a ferry connection to Oyragj\u00f3gv. From there, a bus or car was taken to the airport and the villages of V\u00e1goy.<\/p><p>For some years we also had a taxi station in Vestmanna.<\/p><p>At the end of 1978, Bil moved in its own room just opposite the current Effo gas station \u2013 Gundadalur.<\/p><p>When \u201cBygdalei\u00f0ir\u201d (the official busses) was created, in May 1980, the buses were driven for the first years out of Bilst\u00f8\u00f0ini Bil. Similarly, we had the operation of the first city buses in T\u00f3rshavnar Municipality.<\/p>\t\t\t\t\t\t\t\t<\/div>\n\t\t\t\t<\/div>\n\t\t\t\t\t<\/div>\n\t\t\t\t<\/div>\n\t\t<div class=\"elementor-element elementor-element-125bbe2 e-flex e-con-boxed e-con e-parent\" data-id=\"125bbe2\" data-element_type=\"container\" data-settings=\"{&quot;background_background&quot;:&quot;classic&quot;}\">\n\t\t\t\t\t<div class=\"e-con-inner\">\n\t\t\t\t<div class=\"elementor-element elementor-element-bb68c54 elementor-widget elementor-widget-text-editor\" data-id=\"bb68c54\" data-element_type=\"widget\" data-widget_type=\"text-editor.default\">\n\t\t\t\t\t\t\t\t\t<p>At the same time \u201cBilst\u00f8\u00f0in Bil\u201d was merged with the \u201cMini Taxi\u201d. In October 1996, the combined Bil and Mini Taxi moved from the Gundadali Building to the Farst\u00f8i\u00f0in. The new name for the combined companies was and is now \u201cBil &amp; Mini Taxi 96\u201d. The phone number will be the same +298 311444 and +298 313525.<\/p>\t\t\t\t\t\t\t\t<\/div>\n\t\t\t\t\t<\/div>\n\t\t\t\t<\/div>\n\t\t<div class=\"elementor-element elementor-element-6b7cbda e-con-full e-flex e-con e-parent\" data-id=\"6b7cbda\" data-element_type=\"container\" data-settings=\"{&quot;background_background&quot;:&quot;classic&quot;}\">\n\t\t<div class=\"elementor-element elementor-element-a045079 e-con-full e-flex e-con e-child\" data-id=\"a045079\" data-element_type=\"container\" data-settings=\"{&quot;background_background&quot;:&quot;classic&quot;}\">\n\t\t\t\t<div class=\"elementor-element elementor-element-477b751 elementor-widget elementor-widget-text-editor\" data-id=\"477b751\" data-element_type=\"widget\" data-widget_type=\"text-editor.default\">\n\t\t\t\t\t\t\t\t\t<p>\u201cThe times are changed and so do we\u201d, is the wording of a Faroese song. This is also the case with the Bilst\u00f8\u00f0in Bil. We have a new phone number, which is +298 32 32 32, which is usually shown with 3 x 32. However, it is possible to call our old number for a period.<\/p><p><a href=\"https:\/\/itunes.apple.com\/dk\/app\/bil-taxi\/id1148002749?mt=8\"><span dir=\"auto\">In September 2016, Bil Mini Taxi as the first taxi station in Faroe Islands<\/span><\/a><span dir=\"auto\">\u00a0received an App\u00a0, where it is possible to book a taxi easily and seamlessly just by pressing a button on the phone.<\/span><\/p><p>Bil Mini Taxi has 35 cars, of which 6 are for 6 travelers, 1 for 7 travelers and 1 for 8 travelers.<\/p><p><b><span dir=\"auto\">The Board consists of:<\/span><\/b><br \/><br \/><span dir=\"auto\">T\u00f3ti Kristj\u00e1nsson, Chairman<\/span><br \/><span dir=\"auto\">Jens L\u00fctzen, Board member<\/span><br \/><span dir=\"auto\">Fritleif Kj\u00e6rb\u00e6k, Board member<\/span><br \/><span dir=\"auto\">Beinir Kristiansen, Director<\/span><\/p>\t\t\t\t\t\t\t\t<\/div>\n\t\t\t\t<\/div>\n\t\t<div class=\"elementor-element elementor-element-1ee375f e-con-full elementor-hidden-mobile e-flex e-con e-child\" data-id=\"1ee375f\" data-element_type=\"container\" data-settings=\"{&quot;background_background&quot;:&quot;classic&quot;}\">\n\t\t\t\t<\/div>\n\t\t\t\t<\/div>\n\t\t\t\t<\/div>\n\t\t","protected":false},"excerpt":{"rendered":"<p>The history \u201cBilst\u00f8in Bil\u201d was established in 1952. It was Hans Mellemgaard, Eiler Thorsvig, Hans A. Davidsen, Poul Gaard Hansen and Pauli Gaard Hansen who started \u201cBilst\u00f8in Bil\u201d back in 1952. Initially, the station was located in Niels Finsensg\u00f8tu, but was moved to Li\u00f0ag\u00f8tu in 1960. Two years later, \u201cBilst\u00f8inin V\u00e1gsbotni\u201d was merged with \u201cBil\u201d.&hellip;<\/p>\n","protected":false},"author":111,"featured_media":0,"parent":0,"menu_order":0,"comment_status":"closed","ping_status":"closed","template":"elementor_header_footer","meta":{"_acf_changed":false,"footnotes":""},"class_list":["post-6528","page","type-page","status-publish","hentry"],"acf":[],"yoast_head":"<!-- This site is optimized with the Yoast SEO plugin v26.2 - https:\/\/yoast.com\/wordpress\/plugins\/seo\/ -->\n<title>About us - Taxi Bil<\/title>\n<meta name=\"robots\" content=\"index, follow, max-snippet:-1, max-image-preview:large, max-video-preview:-1\" \/>\n<link rel=\"canonical\" href=\"https:\/\/taxi.fo\/en\/about\/\" \/>\n<meta property=\"og:locale\" content=\"en_US\" \/>\n<meta property=\"og:type\" content=\"article\" \/>\n<meta property=\"og:title\" content=\"About us - Taxi Bil\" \/>\n<meta property=\"og:description\" content=\"The history \u201cBilst\u00f8in Bil\u201d was established in 1952. It was Hans Mellemgaard, Eiler Thorsvig, Hans A. Davidsen, Poul Gaard Hansen and Pauli Gaard Hansen who started \u201cBilst\u00f8in Bil\u201d back in 1952. Initially, the station was located in Niels Finsensg\u00f8tu, but was moved to Li\u00f0ag\u00f8tu in 1960. Two years later, \u201cBilst\u00f8inin V\u00e1gsbotni\u201d was merged with \u201cBil\u201d.&hellip;\" \/>\n<meta property=\"og:url\" content=\"https:\/\/taxi.fo\/en\/about\/\" \/>\n<meta property=\"og:site_name\" content=\"Taxi Bil\" \/>\n<meta property=\"article:publisher\" content=\"https:\/\/www.facebook.com\/taxi.bil.1\/\" \/>\n<meta property=\"article:modified_time\" content=\"2025-09-01T16:43:18+00:00\" \/>\n<meta property=\"og:image\" content=\"https:\/\/taxi.fo\/wp-content\/uploads\/2025\/08\/bil-glmynd_1.jpg\" \/>\n<meta name=\"twitter:card\" content=\"summary_large_image\" \/>\n<meta name=\"twitter:label1\" content=\"Est. reading time\" \/>\n\t<meta name=\"twitter:data1\" content=\"3 minutes\" \/>\n<script type=\"application\/ld+json\" class=\"yoast-schema-graph\">{\"@context\":\"https:\/\/schema.org\",\"@graph\":[{\"@type\":\"WebPage\",\"@id\":\"https:\/\/taxi.fo\/en\/about\/\",\"url\":\"https:\/\/taxi.fo\/en\/about\/\",\"name\":\"About us - Taxi Bil\",\"isPartOf\":{\"@id\":\"https:\/\/taxi.fo\/en\/#website\"},\"primaryImageOfPage\":{\"@id\":\"https:\/\/taxi.fo\/en\/about\/#primaryimage\"},\"image\":{\"@id\":\"https:\/\/taxi.fo\/en\/about\/#primaryimage\"},\"thumbnailUrl\":\"https:\/\/taxi.fo\/wp-content\/uploads\/2025\/08\/bil-glmynd_1.jpg\",\"datePublished\":\"2025-08-20T14:26:21+00:00\",\"dateModified\":\"2025-09-01T16:43:18+00:00\",\"breadcrumb\":{\"@id\":\"https:\/\/taxi.fo\/en\/about\/#breadcrumb\"},\"inLanguage\":\"en-US\",\"potentialAction\":[{\"@type\":\"ReadAction\",\"target\":[\"https:\/\/taxi.fo\/en\/about\/\"]}]},{\"@type\":\"ImageObject\",\"inLanguage\":\"en-US\",\"@id\":\"https:\/\/taxi.fo\/en\/about\/#primaryimage\",\"url\":\"https:\/\/taxi.fo\/wp-content\/uploads\/2025\/08\/bil-glmynd_1.jpg\",\"contentUrl\":\"https:\/\/taxi.fo\/wp-content\/uploads\/2025\/08\/bil-glmynd_1.jpg\"},{\"@type\":\"BreadcrumbList\",\"@id\":\"https:\/\/taxi.fo\/en\/about\/#breadcrumb\",\"itemListElement\":[{\"@type\":\"ListItem\",\"position\":1,\"name\":\"Home\",\"item\":\"https:\/\/taxi.fo\/en\/\"},{\"@type\":\"ListItem\",\"position\":2,\"name\":\"About us\"}]},{\"@type\":\"WebSite\",\"@id\":\"https:\/\/taxi.fo\/en\/#website\",\"url\":\"https:\/\/taxi.fo\/en\/\",\"name\":\"Taxi Bil\",\"description\":\"\",\"publisher\":{\"@id\":\"https:\/\/taxi.fo\/en\/#organization\"},\"potentialAction\":[{\"@type\":\"SearchAction\",\"target\":{\"@type\":\"EntryPoint\",\"urlTemplate\":\"https:\/\/taxi.fo\/en\/?s={search_term_string}\"},\"query-input\":{\"@type\":\"PropertyValueSpecification\",\"valueRequired\":true,\"valueName\":\"search_term_string\"}}],\"inLanguage\":\"en-US\"},{\"@type\":\"Organization\",\"@id\":\"https:\/\/taxi.fo\/en\/#organization\",\"name\":\"Taxi Bil\",\"url\":\"https:\/\/taxi.fo\/en\/\",\"logo\":{\"@type\":\"ImageObject\",\"inLanguage\":\"en-US\",\"@id\":\"https:\/\/taxi.fo\/en\/#\/schema\/logo\/image\/\",\"url\":\"https:\/\/taxi.fo\/wp-content\/uploads\/2016\/04\/logo_demo.png\",\"contentUrl\":\"https:\/\/taxi.fo\/wp-content\/uploads\/2016\/04\/logo_demo.png\",\"width\":156,\"height\":153,\"caption\":\"Taxi Bil\"},\"image\":{\"@id\":\"https:\/\/taxi.fo\/en\/#\/schema\/logo\/image\/\"},\"sameAs\":[\"https:\/\/www.facebook.com\/taxi.bil.1\/\"]}]}<\/script>\n<!-- \/ Yoast SEO plugin. -->","yoast_head_json":{"title":"About us - Taxi Bil","robots":{"index":"index","follow":"follow","max-snippet":"max-snippet:-1","max-image-preview":"max-image-preview:large","max-video-preview":"max-video-preview:-1"},"canonical":"https:\/\/taxi.fo\/en\/about\/","og_locale":"en_US","og_type":"article","og_title":"About us - Taxi Bil","og_description":"The history \u201cBilst\u00f8in Bil\u201d was established in 1952. It was Hans Mellemgaard, Eiler Thorsvig, Hans A. Davidsen, Poul Gaard Hansen and Pauli Gaard Hansen who started \u201cBilst\u00f8in Bil\u201d back in 1952. Initially, the station was located in Niels Finsensg\u00f8tu, but was moved to Li\u00f0ag\u00f8tu in 1960. Two years later, \u201cBilst\u00f8inin V\u00e1gsbotni\u201d was merged with \u201cBil\u201d.&hellip;","og_url":"https:\/\/taxi.fo\/en\/about\/","og_site_name":"Taxi Bil","article_publisher":"https:\/\/www.facebook.com\/taxi.bil.1\/","article_modified_time":"2025-09-01T16:43:18+00:00","og_image":[{"url":"https:\/\/taxi.fo\/wp-content\/uploads\/2025\/08\/bil-glmynd_1.jpg","type":"","width":"","height":""}],"twitter_card":"summary_large_image","twitter_misc":{"Est. reading time":"3 minutes"},"schema":{"@context":"https:\/\/schema.org","@graph":[{"@type":"WebPage","@id":"https:\/\/taxi.fo\/en\/about\/","url":"https:\/\/taxi.fo\/en\/about\/","name":"About us - Taxi Bil","isPartOf":{"@id":"https:\/\/taxi.fo\/en\/#website"},"primaryImageOfPage":{"@id":"https:\/\/taxi.fo\/en\/about\/#primaryimage"},"image":{"@id":"https:\/\/taxi.fo\/en\/about\/#primaryimage"},"thumbnailUrl":"https:\/\/taxi.fo\/wp-content\/uploads\/2025\/08\/bil-glmynd_1.jpg","datePublished":"2025-08-20T14:26:21+00:00","dateModified":"2025-09-01T16:43:18+00:00","breadcrumb":{"@id":"https:\/\/taxi.fo\/en\/about\/#breadcrumb"},"inLanguage":"en-US","potentialAction":[{"@type":"ReadAction","target":["https:\/\/taxi.fo\/en\/about\/"]}]},{"@type":"ImageObject","inLanguage":"en-US","@id":"https:\/\/taxi.fo\/en\/about\/#primaryimage","url":"https:\/\/taxi.fo\/wp-content\/uploads\/2025\/08\/bil-glmynd_1.jpg","contentUrl":"https:\/\/taxi.fo\/wp-content\/uploads\/2025\/08\/bil-glmynd_1.jpg"},{"@type":"BreadcrumbList","@id":"https:\/\/taxi.fo\/en\/about\/#breadcrumb","itemListElement":[{"@type":"ListItem","position":1,"name":"Home","item":"https:\/\/taxi.fo\/en\/"},{"@type":"ListItem","position":2,"name":"About us"}]},{"@type":"WebSite","@id":"https:\/\/taxi.fo\/en\/#website","url":"https:\/\/taxi.fo\/en\/","name":"Taxi Bil","description":"","publisher":{"@id":"https:\/\/taxi.fo\/en\/#organization"},"potentialAction":[{"@type":"SearchAction","target":{"@type":"EntryPoint","urlTemplate":"https:\/\/taxi.fo\/en\/?s={search_term_string}"},"query-input":{"@type":"PropertyValueSpecification","valueRequired":true,"valueName":"search_term_string"}}],"inLanguage":"en-US"},{"@type":"Organization","@id":"https:\/\/taxi.fo\/en\/#organization","name":"Taxi Bil","url":"https:\/\/taxi.fo\/en\/","logo":{"@type":"ImageObject","inLanguage":"en-US","@id":"https:\/\/taxi.fo\/en\/#\/schema\/logo\/image\/","url":"https:\/\/taxi.fo\/wp-content\/uploads\/2016\/04\/logo_demo.png","contentUrl":"https:\/\/taxi.fo\/wp-content\/uploads\/2016\/04\/logo_demo.png","width":156,"height":153,"caption":"Taxi Bil"},"image":{"@id":"https:\/\/taxi.fo\/en\/#\/schema\/logo\/image\/"},"sameAs":["https:\/\/www.facebook.com\/taxi.bil.1\/"]}]}},"_links":{"self":[{"href":"https:\/\/taxi.fo\/en\/wp-json\/wp\/v2\/pages\/6528","targetHints":{"allow":["GET"]}}],"collection":[{"href":"https:\/\/taxi.fo\/en\/wp-json\/wp\/v2\/pages"}],"about":[{"href":"https:\/\/taxi.fo\/en\/wp-json\/wp\/v2\/types\/page"}],"author":[{"embeddable":true,"href":"https:\/\/taxi.fo\/en\/wp-json\/wp\/v2\/users\/111"}],"replies":[{"embeddable":true,"href":"https:\/\/taxi.fo\/en\/wp-json\/wp\/v2\/comments?post=6528"}],"version-history":[{"count":0,"href":"https:\/\/taxi.fo\/en\/wp-json\/wp\/v2\/pages\/6528\/revisions"}],"wp:attachment":[{"href":"https:\/\/taxi.fo\/en\/wp-json\/wp\/v2\/media?parent=6528"}],"curies":[{"name":"wp","href":"https:\/\/api.w.org\/{rel}","templated":true}]}}