{"id":6547,"date":"2025-08-20T15:41:23","date_gmt":"2025-08-20T14:41:23","guid":{"rendered":"https:\/\/taxi.fo\/?page_id=6547"},"modified":"2025-09-01T17:55:11","modified_gmt":"2025-09-01T16:55:11","slug":"privat-policy","status":"publish","type":"page","link":"https:\/\/taxi.fo\/en\/privat-policy\/","title":{"rendered":"Privat policy"},"content":{"rendered":"\t\t<div data-elementor-type=\"wp-page\" data-elementor-id=\"6547\" class=\"elementor elementor-6547 elementor-6356\" data-elementor-post-type=\"page\">\n\t\t\t\t<div class=\"elementor-element elementor-element-96b0102 e-flex e-con-boxed e-con e-parent\" data-id=\"96b0102\" data-element_type=\"container\" data-e-type=\"container\" data-settings=\"{&quot;background_background&quot;:&quot;classic&quot;}\">\n\t\t\t\t\t<div class=\"e-con-inner\">\n\t\t\t\t\t<\/div>\n\t\t\t\t<\/div>\n\t\t<div class=\"elementor-element elementor-element-4a7cb6e e-flex e-con-boxed e-con e-parent\" data-id=\"4a7cb6e\" data-element_type=\"container\" data-e-type=\"container\">\n\t\t\t\t\t<div class=\"e-con-inner\">\n\t\t\t\t<div class=\"elementor-element elementor-element-5c2189b elementor-widget elementor-widget-text-editor\" data-id=\"5c2189b\" data-element_type=\"widget\" data-e-type=\"widget\" data-widget_type=\"text-editor.default\">\n\t\t\t\t\t\t\t\t\t<h2>Who are we<\/h2><p>Our website address is: https:\/\/taxi.fo.<\/p><h2>What personal data we collect and why we collect it<\/h2><h3>Comments<\/h3><p><strong>Only valid for users who are logged in<\/strong>. When visitors post comments on the site, we collect the data displayed in the comment form, as well as the visitor\u2019s IP address and the browser\u2019s user agent string to help detect spam.<\/p><p>An anonymized string created from your email address (also called a hash) can be provided to the Gravatar service to see if you use it. The Gravatar Service Privacy Policy is available here:\u00a0<a href=\"https:\/\/automattic.com\/privacy\/\" target=\"_blank\" rel=\"noopener noreferrer\">https:\/\/automattic.com\/privacy<\/a>. After approving your comment, your profile picture will be visible to the public along with your comment.<\/p><h3>Media<\/h3><p>If you are uploading images to the site, you should not upload images with embedded location data (EXIF GPS) included. Site visitors can download and extract all site data from images on the site..<\/p><h3>Contact forms<\/h3><p>nformation submitted in our contact form is encrypted and will not be passed on to third parties.<\/p><h3>Cookies<\/h3><p>If you write a comment on our website, you can choose to store your name, e-mail address and website in cookies. These are for your convenience so you do not have to fill in your information again when writing another comment. These cookies will last for a year.<\/p><p>If you have an account and you log in to this website, we will set up a temporary cookie to determine if your browser accepts cookies. This cookie does not contain any personal data and is removed when you close the browser.<\/p><p>When you log in, we will set up a number of cookies and store your login information and your choices of screen display. Login cookies last for two days, and screen selection cookies last for one year. If you select \u201cRemember me\u201d, your login will last for two weeks. If you log out of your account, the login cookies will disappear.<\/p><p>If you edit or publish an article, an additional cookie will be stored in your browser. This cookie does not contain any personal data and simply provides the post ID of the article you just edited. It expires after 1 day.<\/p><h3>Embedded content from other sites<\/h3><p>Articles on this site may contain embedded content (such as videos, images, articles, etc.). Embedded content from other sites behaves in exactly the same way as if the visitor visited the other site.<\/p><p>These sites may collect data about you, use cookies, embed additional third-party tracking, and monitor your interaction with this embedded content, including tracking your interaction with embedded content if you have an account and one logged in to that site.<\/p><h3>Analytics<\/h3><p>We use cookies for the purpose of improving and analyzing the website. These are standard Google cookies as shown below:<\/p><table><tbody><tr><th>Cookie name<\/th><th>Expiration time<\/th><th>Description<\/th><\/tr><tr><td><code>_ga<\/code><\/td><td>2 year<\/td><td>Used to distinguish users.<\/td><\/tr><tr><td><code>_gid<\/code><\/td><td>24 hours<\/td><td>Used to distinguish users.<\/td><\/tr><tr><td><code>_gat<\/code><\/td><td>1 min<\/td><td>Used for how often a user can send a request. If Google Analytics is implemented through Google Tag Manager, this cookie will be named\u00a0<code>_dc_gtm_&lt;property-id&gt;<\/code>.<\/td><\/tr><tr><td><code>AMP_TOKEN<\/code><\/td><td>30 sec to 1 year<\/td><td>Contains a token that can be used to retrieve a Client ID from the AMP Client ID service. Other possible values indicate opt-out, inflight request, or an error retrieving a Client ID from the AMP Client ID service.<\/td><\/tr><tr><td><code>_gac_&lt;property-id&gt;<\/code><\/td><td>90 days<\/td><td>Contains campaign related information for the user. If you have linked your Google Analytics and Google Ads accounts, the Google ad site conversion marks will read this cookie unless you opt out.<\/td><\/tr><\/tbody><\/table><h2>Who we share your data with<\/h2><p>This site is scanned for potential malware and vulnerabilities by Sucuris SiteCheck. We do not send personal information to Sucuri. However, Sucuri could find personal information published (e.g. in comments) during their scan. For more details, see Sucuri\u2019s Privacy Policy.<\/p><h2>How long we store your data<\/h2><p>If you write a comment in e.g. the contact form, then comments and its metadata are retained indefinitely. This is so we can recognize and approve any follow-up comments automatically instead of having them in a moderation queue.<\/p><p>For users who register on our site (if any), we also store the personal information they provide to their user profile. All users can view, edit, or delete their personal information at any time (with the exception that they cannot change their username). The site administrators can also view and edit that information.<\/p><h2>What rights do you have over your data<\/h2><p>If you have an account on this site, or have written comments, you can request an exported file with the personal data we have about you, including all data you have given us. You can also request that we delete all personal data we have about you. This does not include any data that we are required to store for administrative, legal or security reasons.<\/p><h2>Where we send your data<\/h2><p>Visitor comments may be verified by an automated spam detection service.<\/p><h2>Your contact information<\/h2><p>We do not pass on your contact information to any third party.<\/p><h2>More info<\/h2><h3>Security<\/h3><p>When you are on the login page sets a temporary cookie that helps compatibility with some alternative login methods. This cookie contains no personal data and expires after 1 hour.<\/p><h3>How we protect your data<\/h3><p>Taxi og AirportTaxi uses an SSL connection throughout the website to encrypt your data.<\/p><p>We do not pass on or sell any information to third parties of any kind.<\/p><p>When purchasing products, the buyer is automatically registered in the news mail register at taxi.fo. The buyer can at any time unsubscribe if necessary. newsletters. We will at no time send out piles of newsletters and currently have. no plans to send out newsletters.<\/p><h3>Logging<\/h3><p>The IP address of visitors, user ID of logged in users and username of login attempts are conditionally logical to control malicious activity and to protect the site against certain types of attacks. Examples of conditions when logging occurs include login attempts, logout requests, suspicious URL requests, changes to the site\u2019s content, and password updates. This information is stored for 60 days.<\/p><h2>How to delete or block cookies<\/h2><div class=\"entry-content\"><ul><li><a class=\"wpel-icon-right\" href=\"https:\/\/support.microsoft.com\/da-dk\/help\/10607\/microsoft-edge-view-delete-browser-history\" target=\"_blank\" rel=\"noopener nofollow external noreferrer\" data-wpel-link=\"external\">Delete cookies on Microsoft Edge<\/a><\/li><li><a class=\"wpel-icon-right\" href=\"https:\/\/support.mozilla.org\/da\/kb\/slet-cookies-fjerne-oplysninger-fra-websteder\" target=\"_blank\" rel=\"noopener nofollow external noreferrer\" data-wpel-link=\"external\">Delete cookies on Mozilla Firefox browser<\/a><\/li><li><a class=\"wpel-icon-right\" href=\"https:\/\/support.google.com\/accounts\/answer\/32050?co=GENIE.Platform%3DDesktop&amp;hl=da\" target=\"_blank\" rel=\"noopener nofollow external noreferrer\" data-wpel-link=\"external\">Delete cookies on Google Chrome browser<\/a><\/li><li><a class=\"wpel-icon-right\" href=\"https:\/\/support.apple.com\/kb\/ph21411?locale=da_DK\" target=\"_blank\" rel=\"noopener nofollow external noreferrer\" data-wpel-link=\"external\">Delete cookies on Safari browser<\/a><\/li><li><a class=\"wpel-icon-right\" href=\"http:\/\/www.opera.com\/help\/tutorials\/security\/cookies\/\" target=\"_blank\" rel=\"noopener nofollow external noreferrer\" data-wpel-link=\"external\">Delete cookies on Opera browser<\/a><\/li><li><a class=\"wpel-icon-right\" href=\"https:\/\/helpx.adobe.com\/dk\/flash-player\/kb\/uninstall-flash-player-mac-os.html\" target=\"_blank\" rel=\"noopener nofollow external noreferrer\" data-wpel-link=\"external\">Delete flash cookies:<\/a><\/li><li><a class=\"wpel-icon-right\" href=\"https:\/\/support.apple.com\/da-dk\/HT201265\" target=\"_blank\" rel=\"noopener nofollow external noreferrer\" data-wpel-link=\"external\">Delete cookies on iPad, iPhone, iPod touch<\/a><\/li><li><a class=\"wpel-icon-right\" href=\"http:\/\/timeread.hubpages.com\/hub\/How-to-delete-internet-cookies-on-your-Droid-or-any-Android-device\" target=\"_blank\" rel=\"noopener nofollow external noreferrer\" data-wpel-link=\"external\">Delete cookies on Android phones<\/a><\/li><\/ul><\/div><h3>How we protect your data<\/h3><p>We do not pass on or sell any information to third parties of any kind.<\/p><p>When purchasing products, the buyer is automatically registered in the news mail register at taxi.fo. The buyer can at any time unsubscribe if necessary.<\/p><h3>What data breach procedures we have in place<\/h3><p>As soon as you register as a customer with Taxi and AirportTaxi, your e-mail address, your name, address names, addresses and telephone numbers will be entered into our system. This information is used so that you can e.g. log in to the website and so that we can send important messages to you via e-mail. Examples of e-mail messages to you can be if there are changes on the website itself, when we have good offers etc. We do not send newsletters with promotional material such as advertisements, information from third parties, etc.<\/p><h3>Which third parties we receive data from<\/h3><p>QuickPay, Simply, Google Analytics and Facebook.<\/p><p>We do not pass on your contact information to any third party.<\/p><h3>Which automated decisions and \/ or profiling we make with user data.<\/h3><p>We do not make any decisions or profiles of your data. As long as you are a customer with us, your data will remain in the system. When the customer account is deleted, all your data is also deleted.<\/p><p>Information for you as a customer in our system is sent via e-mail. You can unsubscribe from this email at any time, but it is not something we recommend. In the event that you unsubscribe, you may miss important information regarding changes \/ information about such as. offers, etc.<\/p><h3>Industry regulatory requirements for submission<\/h3><p>Publisher.<\/p><h2>Publisher<\/h2><p>The website is owned and published by:<\/p><p><strong>Taxi og AirportTaxi<\/strong><br \/>(Sp\/F Bil Mini Taxi 96)<br \/>Far\u00f0st\u00f8\u00f0in<br \/>Eystara bryggja<br \/>FO-100 T\u00f3rshavn<\/p><p>taxi@taxi.fo<\/p><h2>Changes to our Privacy Policy<\/h2><p>Taxi og AirportTaxi reserves the right to update or change this policy at any time. To get the latest updates to our privacy policy, you should visit this page periodically.<\/p>\t\t\t\t\t\t\t\t<\/div>\n\t\t\t\t\t<\/div>\n\t\t\t\t<\/div>\n\t\t\t\t<\/div>\n\t\t","protected":false},"excerpt":{"rendered":"<p>Who are we Our website address is: https:\/\/taxi.fo. What personal data we collect and why we collect it Comments Only valid for users who are logged in. When visitors post comments on the site, we collect the data displayed in the comment form, as well as the visitor\u2019s IP address and the browser\u2019s user agent&hellip;<\/p>\n","protected":false},"author":111,"featured_media":0,"parent":0,"menu_order":0,"comment_status":"closed","ping_status":"closed","template":"elementor_header_footer","meta":{"_acf_changed":false,"footnotes":""},"class_list":["post-6547","page","type-page","status-publish","hentry"],"acf":[],"yoast_head":"<!-- This site is optimized with the Yoast SEO plugin v27.4 - https:\/\/yoast.com\/product\/yoast-seo-wordpress\/ -->\n<title>Privat policy - Taxi Bil<\/title>\n<meta name=\"robots\" content=\"index, follow, max-snippet:-1, max-image-preview:large, max-video-preview:-1\" \/>\n<link rel=\"canonical\" href=\"https:\/\/taxi.fo\/en\/privat-policy\/\" \/>\n<meta property=\"og:locale\" content=\"en_US\" \/>\n<meta property=\"og:type\" content=\"article\" \/>\n<meta property=\"og:title\" content=\"Privat policy - Taxi Bil\" \/>\n<meta property=\"og:description\" content=\"Who are we Our website address is: https:\/\/taxi.fo. What personal data we collect and why we collect it Comments Only valid for users who are logged in. When visitors post comments on the site, we collect the data displayed in the comment form, as well as the visitor\u2019s IP address and the browser\u2019s user agent&hellip;\" \/>\n<meta property=\"og:url\" content=\"https:\/\/taxi.fo\/en\/privat-policy\/\" \/>\n<meta property=\"og:site_name\" content=\"Taxi Bil\" \/>\n<meta property=\"article:publisher\" content=\"https:\/\/www.facebook.com\/taxi.bil.1\/\" \/>\n<meta property=\"article:modified_time\" content=\"2025-09-01T16:55:11+00:00\" \/>\n<meta property=\"og:image\" content=\"https:\/\/taxi.fo\/wp-content\/uploads\/2016\/06\/taxi-fo_share_regular.png\" \/>\n\t<meta property=\"og:image:width\" content=\"1200\" \/>\n\t<meta property=\"og:image:height\" content=\"628\" \/>\n\t<meta property=\"og:image:type\" content=\"image\/png\" \/>\n<meta name=\"twitter:card\" content=\"summary_large_image\" \/>\n<meta name=\"twitter:label1\" content=\"Est. reading time\" \/>\n\t<meta name=\"twitter:data1\" content=\"8 minutes\" \/>\n<script type=\"application\/ld+json\" class=\"yoast-schema-graph\">{\"@context\":\"https:\\\/\\\/schema.org\",\"@graph\":[{\"@type\":\"WebPage\",\"@id\":\"https:\\\/\\\/taxi.fo\\\/en\\\/privat-policy\\\/\",\"url\":\"https:\\\/\\\/taxi.fo\\\/en\\\/privat-policy\\\/\",\"name\":\"Privat policy - Taxi Bil\",\"isPartOf\":{\"@id\":\"https:\\\/\\\/taxi.fo\\\/en\\\/#website\"},\"datePublished\":\"2025-08-20T14:41:23+00:00\",\"dateModified\":\"2025-09-01T16:55:11+00:00\",\"breadcrumb\":{\"@id\":\"https:\\\/\\\/taxi.fo\\\/en\\\/privat-policy\\\/#breadcrumb\"},\"inLanguage\":\"en-US\",\"potentialAction\":[{\"@type\":\"ReadAction\",\"target\":[\"https:\\\/\\\/taxi.fo\\\/en\\\/privat-policy\\\/\"]}]},{\"@type\":\"BreadcrumbList\",\"@id\":\"https:\\\/\\\/taxi.fo\\\/en\\\/privat-policy\\\/#breadcrumb\",\"itemListElement\":[{\"@type\":\"ListItem\",\"position\":1,\"name\":\"Home\",\"item\":\"https:\\\/\\\/taxi.fo\\\/en\\\/\"},{\"@type\":\"ListItem\",\"position\":2,\"name\":\"Privat policy\"}]},{\"@type\":\"WebSite\",\"@id\":\"https:\\\/\\\/taxi.fo\\\/en\\\/#website\",\"url\":\"https:\\\/\\\/taxi.fo\\\/en\\\/\",\"name\":\"Taxi Bil\",\"description\":\"\",\"publisher\":{\"@id\":\"https:\\\/\\\/taxi.fo\\\/en\\\/#organization\"},\"potentialAction\":[{\"@type\":\"SearchAction\",\"target\":{\"@type\":\"EntryPoint\",\"urlTemplate\":\"https:\\\/\\\/taxi.fo\\\/en\\\/?s={search_term_string}\"},\"query-input\":{\"@type\":\"PropertyValueSpecification\",\"valueRequired\":true,\"valueName\":\"search_term_string\"}}],\"inLanguage\":\"en-US\"},{\"@type\":\"Organization\",\"@id\":\"https:\\\/\\\/taxi.fo\\\/en\\\/#organization\",\"name\":\"Taxi Bil\",\"url\":\"https:\\\/\\\/taxi.fo\\\/en\\\/\",\"logo\":{\"@type\":\"ImageObject\",\"inLanguage\":\"en-US\",\"@id\":\"https:\\\/\\\/taxi.fo\\\/en\\\/#\\\/schema\\\/logo\\\/image\\\/\",\"url\":\"https:\\\/\\\/taxi.fo\\\/wp-content\\\/uploads\\\/2016\\\/04\\\/logo_demo.png\",\"contentUrl\":\"https:\\\/\\\/taxi.fo\\\/wp-content\\\/uploads\\\/2016\\\/04\\\/logo_demo.png\",\"width\":156,\"height\":153,\"caption\":\"Taxi Bil\"},\"image\":{\"@id\":\"https:\\\/\\\/taxi.fo\\\/en\\\/#\\\/schema\\\/logo\\\/image\\\/\"},\"sameAs\":[\"https:\\\/\\\/www.facebook.com\\\/taxi.bil.1\\\/\"]}]}<\/script>\n<!-- \/ Yoast SEO plugin. -->","yoast_head_json":{"title":"Privat policy - Taxi Bil","robots":{"index":"index","follow":"follow","max-snippet":"max-snippet:-1","max-image-preview":"max-image-preview:large","max-video-preview":"max-video-preview:-1"},"canonical":"https:\/\/taxi.fo\/en\/privat-policy\/","og_locale":"en_US","og_type":"article","og_title":"Privat policy - Taxi Bil","og_description":"Who are we Our website address is: https:\/\/taxi.fo. What personal data we collect and why we collect it Comments Only valid for users who are logged in. When visitors post comments on the site, we collect the data displayed in the comment form, as well as the visitor\u2019s IP address and the browser\u2019s user agent&hellip;","og_url":"https:\/\/taxi.fo\/en\/privat-policy\/","og_site_name":"Taxi Bil","article_publisher":"https:\/\/www.facebook.com\/taxi.bil.1\/","article_modified_time":"2025-09-01T16:55:11+00:00","og_image":[{"width":1200,"height":628,"url":"https:\/\/taxi.fo\/wp-content\/uploads\/2016\/06\/taxi-fo_share_regular.png","type":"image\/png"}],"twitter_card":"summary_large_image","twitter_misc":{"Est. reading time":"8 minutes"},"schema":{"@context":"https:\/\/schema.org","@graph":[{"@type":"WebPage","@id":"https:\/\/taxi.fo\/en\/privat-policy\/","url":"https:\/\/taxi.fo\/en\/privat-policy\/","name":"Privat policy - Taxi Bil","isPartOf":{"@id":"https:\/\/taxi.fo\/en\/#website"},"datePublished":"2025-08-20T14:41:23+00:00","dateModified":"2025-09-01T16:55:11+00:00","breadcrumb":{"@id":"https:\/\/taxi.fo\/en\/privat-policy\/#breadcrumb"},"inLanguage":"en-US","potentialAction":[{"@type":"ReadAction","target":["https:\/\/taxi.fo\/en\/privat-policy\/"]}]},{"@type":"BreadcrumbList","@id":"https:\/\/taxi.fo\/en\/privat-policy\/#breadcrumb","itemListElement":[{"@type":"ListItem","position":1,"name":"Home","item":"https:\/\/taxi.fo\/en\/"},{"@type":"ListItem","position":2,"name":"Privat policy"}]},{"@type":"WebSite","@id":"https:\/\/taxi.fo\/en\/#website","url":"https:\/\/taxi.fo\/en\/","name":"Taxi Bil","description":"","publisher":{"@id":"https:\/\/taxi.fo\/en\/#organization"},"potentialAction":[{"@type":"SearchAction","target":{"@type":"EntryPoint","urlTemplate":"https:\/\/taxi.fo\/en\/?s={search_term_string}"},"query-input":{"@type":"PropertyValueSpecification","valueRequired":true,"valueName":"search_term_string"}}],"inLanguage":"en-US"},{"@type":"Organization","@id":"https:\/\/taxi.fo\/en\/#organization","name":"Taxi Bil","url":"https:\/\/taxi.fo\/en\/","logo":{"@type":"ImageObject","inLanguage":"en-US","@id":"https:\/\/taxi.fo\/en\/#\/schema\/logo\/image\/","url":"https:\/\/taxi.fo\/wp-content\/uploads\/2016\/04\/logo_demo.png","contentUrl":"https:\/\/taxi.fo\/wp-content\/uploads\/2016\/04\/logo_demo.png","width":156,"height":153,"caption":"Taxi Bil"},"image":{"@id":"https:\/\/taxi.fo\/en\/#\/schema\/logo\/image\/"},"sameAs":["https:\/\/www.facebook.com\/taxi.bil.1\/"]}]}},"_links":{"self":[{"href":"https:\/\/taxi.fo\/en\/wp-json\/wp\/v2\/pages\/6547","targetHints":{"allow":["GET"]}}],"collection":[{"href":"https:\/\/taxi.fo\/en\/wp-json\/wp\/v2\/pages"}],"about":[{"href":"https:\/\/taxi.fo\/en\/wp-json\/wp\/v2\/types\/page"}],"author":[{"embeddable":true,"href":"https:\/\/taxi.fo\/en\/wp-json\/wp\/v2\/users\/111"}],"replies":[{"embeddable":true,"href":"https:\/\/taxi.fo\/en\/wp-json\/wp\/v2\/comments?post=6547"}],"version-history":[{"count":0,"href":"https:\/\/taxi.fo\/en\/wp-json\/wp\/v2\/pages\/6547\/revisions"}],"wp:attachment":[{"href":"https:\/\/taxi.fo\/en\/wp-json\/wp\/v2\/media?parent=6547"}],"curies":[{"name":"wp","href":"https:\/\/api.w.org\/{rel}","templated":true}]}}