{"id":3988,"date":"2020-07-14T16:54:21","date_gmt":"2020-07-14T15:54:21","guid":{"rendered":"https:\/\/taxi.fo\/product\/tour-3-bo-gasadalur-2\/"},"modified":"2025-08-21T13:59:10","modified_gmt":"2025-08-21T12:59:10","slug":"tour-3-bo-gasadalur-2","status":"publish","type":"product","link":"https:\/\/taxi.fo\/en\/product\/tour-3-bo-gasadalur-2\/","title":{"rendered":"Tour 3: B\u00f8 \/ G\u00e1sadalur"},"content":{"rendered":"<p>Then we will drive through the stunning village of <strong>S\u00f8rv\u00e1gur<\/strong>. With the fantasitc view of <strong>Tindh\u00f3lmur<\/strong> and <strong>Drangarnir<\/strong>. Next up: <strong>G\u00e1sadalur<\/strong>. Explore the popular <strong>M\u00falafossur<\/strong> waterfall and the highest mountain on the island of <strong>V\u00e1gar<\/strong>, <strong>\u00c1rnafjall<\/strong>.<\/p>\n","protected":false},"excerpt":{"rendered":"<p>Experience the breathtaking views of the western islands as we drive up the old mountain road to <strong>Sornfelli<\/strong>. Then travel through a subsea tunnel to the island of <strong>V\u00e1gar<\/strong>. Our first stop will be at the unique and scenic village of <strong>Sandav\u00e1gur<\/strong>. Afterwards, visit <strong>Mi\u00f0v\u00e1gur<\/strong>, where we will cross the largest inland lake, <strong>Leitisvatn<\/strong>.<\/p>\n<p><strong>Estimated time:<\/strong> 3 hours.<\/p>\n","protected":false},"featured_media":5131,"template":"","meta":{"_acf_changed":false},"product_brand":[],"product_cat":[34],"product_tag":[],"class_list":{"0":"post-3988","1":"product","2":"type-product","3":"status-publish","4":"has-post-thumbnail","6":"product_cat-sightseeing-en","7":"description-off","9":"first","10":"instock","11":"virtual","12":"purchasable","13":"product-type-phive_booking"},"acf":[],"yoast_head":"<!-- This site is optimized with the Yoast SEO plugin v26.2 - https:\/\/yoast.com\/wordpress\/plugins\/seo\/ -->\n<title>Tour 3: B\u00f8 \/ G\u00e1sadalur - Taxi Bil<\/title>\n<meta name=\"robots\" content=\"index, follow, max-snippet:-1, max-image-preview:large, max-video-preview:-1\" \/>\n<link rel=\"canonical\" href=\"https:\/\/taxi.fo\/en\/product\/tour-3-bo-gasadalur-2\/\" \/>\n<meta property=\"og:locale\" content=\"en_US\" \/>\n<meta property=\"og:type\" content=\"article\" \/>\n<meta property=\"og:title\" content=\"Tour 3: B\u00f8 \/ G\u00e1sadalur - Taxi Bil\" \/>\n<meta property=\"og:description\" content=\"Experience the breathtaking views of the western islands as we drive up the old mountain road to Sornfelli. Then travel through a subsea tunnel to the island of V\u00e1gar. Our first stop will be at the unique and scenic village of Sandav\u00e1gur. Afterwards, visit Mi\u00f0v\u00e1gur, where we will cross the largest inland lake, Leitisvatn.  Estimated time: 3 hours.\" \/>\n<meta property=\"og:url\" content=\"https:\/\/taxi.fo\/en\/product\/tour-3-bo-gasadalur-2\/\" \/>\n<meta property=\"og:site_name\" content=\"Taxi Bil\" \/>\n<meta property=\"article:publisher\" content=\"https:\/\/www.facebook.com\/taxi.bil.1\/\" \/>\n<meta property=\"article:modified_time\" content=\"2025-08-21T12:59:10+00:00\" \/>\n<meta property=\"og:image\" content=\"https:\/\/taxi.fo\/wp-content\/uploads\/2020\/07\/bo-gasadalur-taxi_01.jpg\" \/>\n\t<meta property=\"og:image:width\" content=\"800\" \/>\n\t<meta property=\"og:image:height\" content=\"600\" \/>\n\t<meta property=\"og:image:type\" content=\"image\/jpeg\" \/>\n<meta name=\"twitter:card\" content=\"summary_large_image\" \/>\n<meta name=\"twitter:label1\" content=\"Est. reading time\" \/>\n\t<meta name=\"twitter:data1\" content=\"1 minute\" \/>\n<script type=\"application\/ld+json\" class=\"yoast-schema-graph\">{\"@context\":\"https:\/\/schema.org\",\"@graph\":[{\"@type\":\"WebPage\",\"@id\":\"https:\/\/taxi.fo\/en\/product\/tour-3-bo-gasadalur-2\/\",\"url\":\"https:\/\/taxi.fo\/en\/product\/tour-3-bo-gasadalur-2\/\",\"name\":\"Tour 3: B\u00f8 \/ G\u00e1sadalur - Taxi Bil\",\"isPartOf\":{\"@id\":\"https:\/\/taxi.fo\/en\/#website\"},\"primaryImageOfPage\":{\"@id\":\"https:\/\/taxi.fo\/en\/product\/tour-3-bo-gasadalur-2\/#primaryimage\"},\"image\":{\"@id\":\"https:\/\/taxi.fo\/en\/product\/tour-3-bo-gasadalur-2\/#primaryimage\"},\"thumbnailUrl\":\"https:\/\/taxi.fo\/wp-content\/uploads\/2020\/07\/bo-gasadalur-taxi_01.jpg\",\"datePublished\":\"2020-07-14T15:54:21+00:00\",\"dateModified\":\"2025-08-21T12:59:10+00:00\",\"breadcrumb\":{\"@id\":\"https:\/\/taxi.fo\/en\/product\/tour-3-bo-gasadalur-2\/#breadcrumb\"},\"inLanguage\":\"en-US\",\"potentialAction\":[{\"@type\":\"ReadAction\",\"target\":[\"https:\/\/taxi.fo\/en\/product\/tour-3-bo-gasadalur-2\/\"]}]},{\"@type\":\"ImageObject\",\"inLanguage\":\"en-US\",\"@id\":\"https:\/\/taxi.fo\/en\/product\/tour-3-bo-gasadalur-2\/#primaryimage\",\"url\":\"https:\/\/taxi.fo\/wp-content\/uploads\/2020\/07\/bo-gasadalur-taxi_01.jpg\",\"contentUrl\":\"https:\/\/taxi.fo\/wp-content\/uploads\/2020\/07\/bo-gasadalur-taxi_01.jpg\",\"width\":800,\"height\":600,\"caption\":\"B\u00f8 \/ G\u00e1sadalur - Taxi\"},{\"@type\":\"BreadcrumbList\",\"@id\":\"https:\/\/taxi.fo\/en\/product\/tour-3-bo-gasadalur-2\/#breadcrumb\",\"itemListElement\":[{\"@type\":\"ListItem\",\"position\":1,\"name\":\"Home\",\"item\":\"https:\/\/taxi.fo\/en\/\"},{\"@type\":\"ListItem\",\"position\":2,\"name\":\"V\u00f8rur\",\"item\":\"https:\/\/taxi.fo\/vorur\/\"},{\"@type\":\"ListItem\",\"position\":3,\"name\":\"Tour 3: B\u00f8 \/ G\u00e1sadalur\"}]},{\"@type\":\"WebSite\",\"@id\":\"https:\/\/taxi.fo\/en\/#website\",\"url\":\"https:\/\/taxi.fo\/en\/\",\"name\":\"Taxi Bil\",\"description\":\"\",\"publisher\":{\"@id\":\"https:\/\/taxi.fo\/en\/#organization\"},\"potentialAction\":[{\"@type\":\"SearchAction\",\"target\":{\"@type\":\"EntryPoint\",\"urlTemplate\":\"https:\/\/taxi.fo\/en\/?s={search_term_string}\"},\"query-input\":{\"@type\":\"PropertyValueSpecification\",\"valueRequired\":true,\"valueName\":\"search_term_string\"}}],\"inLanguage\":\"en-US\"},{\"@type\":\"Organization\",\"@id\":\"https:\/\/taxi.fo\/en\/#organization\",\"name\":\"Taxi Bil\",\"url\":\"https:\/\/taxi.fo\/en\/\",\"logo\":{\"@type\":\"ImageObject\",\"inLanguage\":\"en-US\",\"@id\":\"https:\/\/taxi.fo\/en\/#\/schema\/logo\/image\/\",\"url\":\"https:\/\/taxi.fo\/wp-content\/uploads\/2016\/04\/logo_demo.png\",\"contentUrl\":\"https:\/\/taxi.fo\/wp-content\/uploads\/2016\/04\/logo_demo.png\",\"width\":156,\"height\":153,\"caption\":\"Taxi Bil\"},\"image\":{\"@id\":\"https:\/\/taxi.fo\/en\/#\/schema\/logo\/image\/\"},\"sameAs\":[\"https:\/\/www.facebook.com\/taxi.bil.1\/\"]}]}<\/script>\n<!-- \/ Yoast SEO plugin. -->","yoast_head_json":{"title":"Tour 3: B\u00f8 \/ G\u00e1sadalur - Taxi Bil","robots":{"index":"index","follow":"follow","max-snippet":"max-snippet:-1","max-image-preview":"max-image-preview:large","max-video-preview":"max-video-preview:-1"},"canonical":"https:\/\/taxi.fo\/en\/product\/tour-3-bo-gasadalur-2\/","og_locale":"en_US","og_type":"article","og_title":"Tour 3: B\u00f8 \/ G\u00e1sadalur - Taxi Bil","og_description":"Experience the breathtaking views of the western islands as we drive up the old mountain road to Sornfelli. Then travel through a subsea tunnel to the island of V\u00e1gar. Our first stop will be at the unique and scenic village of Sandav\u00e1gur. Afterwards, visit Mi\u00f0v\u00e1gur, where we will cross the largest inland lake, Leitisvatn.  Estimated time: 3 hours.","og_url":"https:\/\/taxi.fo\/en\/product\/tour-3-bo-gasadalur-2\/","og_site_name":"Taxi Bil","article_publisher":"https:\/\/www.facebook.com\/taxi.bil.1\/","article_modified_time":"2025-08-21T12:59:10+00:00","og_image":[{"width":800,"height":600,"url":"https:\/\/taxi.fo\/wp-content\/uploads\/2020\/07\/bo-gasadalur-taxi_01.jpg","type":"image\/jpeg"}],"twitter_card":"summary_large_image","twitter_misc":{"Est. reading time":"1 minute"},"schema":{"@context":"https:\/\/schema.org","@graph":[{"@type":"WebPage","@id":"https:\/\/taxi.fo\/en\/product\/tour-3-bo-gasadalur-2\/","url":"https:\/\/taxi.fo\/en\/product\/tour-3-bo-gasadalur-2\/","name":"Tour 3: B\u00f8 \/ G\u00e1sadalur - Taxi Bil","isPartOf":{"@id":"https:\/\/taxi.fo\/en\/#website"},"primaryImageOfPage":{"@id":"https:\/\/taxi.fo\/en\/product\/tour-3-bo-gasadalur-2\/#primaryimage"},"image":{"@id":"https:\/\/taxi.fo\/en\/product\/tour-3-bo-gasadalur-2\/#primaryimage"},"thumbnailUrl":"https:\/\/taxi.fo\/wp-content\/uploads\/2020\/07\/bo-gasadalur-taxi_01.jpg","datePublished":"2020-07-14T15:54:21+00:00","dateModified":"2025-08-21T12:59:10+00:00","breadcrumb":{"@id":"https:\/\/taxi.fo\/en\/product\/tour-3-bo-gasadalur-2\/#breadcrumb"},"inLanguage":"en-US","potentialAction":[{"@type":"ReadAction","target":["https:\/\/taxi.fo\/en\/product\/tour-3-bo-gasadalur-2\/"]}]},{"@type":"ImageObject","inLanguage":"en-US","@id":"https:\/\/taxi.fo\/en\/product\/tour-3-bo-gasadalur-2\/#primaryimage","url":"https:\/\/taxi.fo\/wp-content\/uploads\/2020\/07\/bo-gasadalur-taxi_01.jpg","contentUrl":"https:\/\/taxi.fo\/wp-content\/uploads\/2020\/07\/bo-gasadalur-taxi_01.jpg","width":800,"height":600,"caption":"B\u00f8 \/ G\u00e1sadalur - Taxi"},{"@type":"BreadcrumbList","@id":"https:\/\/taxi.fo\/en\/product\/tour-3-bo-gasadalur-2\/#breadcrumb","itemListElement":[{"@type":"ListItem","position":1,"name":"Home","item":"https:\/\/taxi.fo\/en\/"},{"@type":"ListItem","position":2,"name":"V\u00f8rur","item":"https:\/\/taxi.fo\/vorur\/"},{"@type":"ListItem","position":3,"name":"Tour 3: B\u00f8 \/ G\u00e1sadalur"}]},{"@type":"WebSite","@id":"https:\/\/taxi.fo\/en\/#website","url":"https:\/\/taxi.fo\/en\/","name":"Taxi Bil","description":"","publisher":{"@id":"https:\/\/taxi.fo\/en\/#organization"},"potentialAction":[{"@type":"SearchAction","target":{"@type":"EntryPoint","urlTemplate":"https:\/\/taxi.fo\/en\/?s={search_term_string}"},"query-input":{"@type":"PropertyValueSpecification","valueRequired":true,"valueName":"search_term_string"}}],"inLanguage":"en-US"},{"@type":"Organization","@id":"https:\/\/taxi.fo\/en\/#organization","name":"Taxi Bil","url":"https:\/\/taxi.fo\/en\/","logo":{"@type":"ImageObject","inLanguage":"en-US","@id":"https:\/\/taxi.fo\/en\/#\/schema\/logo\/image\/","url":"https:\/\/taxi.fo\/wp-content\/uploads\/2016\/04\/logo_demo.png","contentUrl":"https:\/\/taxi.fo\/wp-content\/uploads\/2016\/04\/logo_demo.png","width":156,"height":153,"caption":"Taxi Bil"},"image":{"@id":"https:\/\/taxi.fo\/en\/#\/schema\/logo\/image\/"},"sameAs":["https:\/\/www.facebook.com\/taxi.bil.1\/"]}]}},"_links":{"self":[{"href":"https:\/\/taxi.fo\/en\/wp-json\/wp\/v2\/product\/3988","targetHints":{"allow":["GET"]}}],"collection":[{"href":"https:\/\/taxi.fo\/en\/wp-json\/wp\/v2\/product"}],"about":[{"href":"https:\/\/taxi.fo\/en\/wp-json\/wp\/v2\/types\/product"}],"wp:featuredmedia":[{"embeddable":true,"href":"https:\/\/taxi.fo\/en\/wp-json\/wp\/v2\/media\/5131"}],"wp:attachment":[{"href":"https:\/\/taxi.fo\/en\/wp-json\/wp\/v2\/media?parent=3988"}],"wp:term":[{"taxonomy":"product_brand","embeddable":true,"href":"https:\/\/taxi.fo\/en\/wp-json\/wp\/v2\/product_brand?post=3988"},{"taxonomy":"product_cat","embeddable":true,"href":"https:\/\/taxi.fo\/en\/wp-json\/wp\/v2\/product_cat?post=3988"},{"taxonomy":"product_tag","embeddable":true,"href":"https:\/\/taxi.fo\/en\/wp-json\/wp\/v2\/product_tag?post=3988"}],"curies":[{"name":"wp","href":"https:\/\/api.w.org\/{rel}","templated":true}]}}