{"id":3992,"date":"2020-07-14T16:07:21","date_gmt":"2020-07-14T15:07:21","guid":{"rendered":"https:\/\/taxi.fo\/product\/tour-5-tjornuvik-2\/"},"modified":"2025-08-21T14:04:00","modified_gmt":"2025-08-21T13:04:00","slug":"tour-5-tjornuvik-2","status":"publish","type":"product","link":"https:\/\/taxi.fo\/en\/product\/tour-5-tjornuvik-2\/","title":{"rendered":"Tour 5: Tj\u00f8rnuv\u00edk"},"content":{"rendered":"<p>Visit ancient Viking ruins and be amazed by the majestic Foss\u00e1 waterfall. You will pass dozens of fish farming rings and witness the famous octagonal-shaped church in the charming village of <strong>Hald\u00f3rsv\u00edk<\/strong>. Immerse yourself in Faroese history with a visit to one of its oldest settlements, and breathtaking views of the iconic \u2018<strong>The Giant and The Hag<\/strong>\u2019 stacks.<\/p>\n","protected":false},"excerpt":{"rendered":"<div class=\"woocommerce-product-details__short-description\">\n<p>Discover the charm of <strong>Tj\u00f8rnuv\u00edk<\/strong> on a scenic drive along the <strong>Oyggjarvegur<\/strong> mountain road. Soak in the spectacular coastal views and witness the remnants of the historic former whaling station.<\/p>\n<p><strong>Estimated time:<\/strong> 2 hours 30 min.<\/p>\n<\/div>\n","protected":false},"featured_media":5138,"template":"","meta":{"_acf_changed":false},"product_brand":[],"product_cat":[34],"product_tag":[],"class_list":{"0":"post-3992","1":"product","2":"type-product","3":"status-publish","4":"has-post-thumbnail","6":"product_cat-sightseeing-en","7":"description-off","9":"first","10":"instock","11":"virtual","12":"sold-individually","13":"purchasable","14":"product-type-phive_booking"},"acf":[],"yoast_head":"<!-- This site is optimized with the Yoast SEO plugin v27.4 - https:\/\/yoast.com\/product\/yoast-seo-wordpress\/ -->\n<title>Tour 5: Tj\u00f8rnuv\u00edk - Taxi Bil<\/title>\n<meta name=\"robots\" content=\"index, follow, max-snippet:-1, max-image-preview:large, max-video-preview:-1\" \/>\n<link rel=\"canonical\" href=\"https:\/\/taxi.fo\/en\/product\/tour-5-tjornuvik-2\/\" \/>\n<meta property=\"og:locale\" content=\"en_US\" \/>\n<meta property=\"og:type\" content=\"article\" \/>\n<meta property=\"og:title\" content=\"Tour 5: Tj\u00f8rnuv\u00edk - Taxi Bil\" \/>\n<meta property=\"og:description\" content=\"Discover the charm of Tj\u00f8rnuv\u00edk on a scenic drive along the Oyggjarvegur mountain road. Soak in the spectacular coastal views and witness the remnants of the historic former whaling station.  Estimated time: 2 hours 30 min.\" \/>\n<meta property=\"og:url\" content=\"https:\/\/taxi.fo\/en\/product\/tour-5-tjornuvik-2\/\" \/>\n<meta property=\"og:site_name\" content=\"Taxi Bil\" \/>\n<meta property=\"article:publisher\" content=\"https:\/\/www.facebook.com\/taxi.bil.1\/\" \/>\n<meta property=\"article:modified_time\" content=\"2025-08-21T13:04:00+00:00\" \/>\n<meta property=\"og:image\" content=\"https:\/\/taxi.fo\/wp-content\/uploads\/2020\/07\/tjornuvik-taxi_01.jpg\" \/>\n\t<meta property=\"og:image:width\" content=\"800\" \/>\n\t<meta property=\"og:image:height\" content=\"872\" \/>\n\t<meta property=\"og:image:type\" content=\"image\/jpeg\" \/>\n<meta name=\"twitter:card\" content=\"summary_large_image\" \/>\n<meta name=\"twitter:label1\" content=\"Est. reading time\" \/>\n\t<meta name=\"twitter:data1\" content=\"1 minute\" \/>\n<script type=\"application\/ld+json\" class=\"yoast-schema-graph\">{\"@context\":\"https:\\\/\\\/schema.org\",\"@graph\":[{\"@type\":\"WebPage\",\"@id\":\"https:\\\/\\\/taxi.fo\\\/en\\\/product\\\/tour-5-tjornuvik-2\\\/\",\"url\":\"https:\\\/\\\/taxi.fo\\\/en\\\/product\\\/tour-5-tjornuvik-2\\\/\",\"name\":\"Tour 5: Tj\u00f8rnuv\u00edk - Taxi Bil\",\"isPartOf\":{\"@id\":\"https:\\\/\\\/taxi.fo\\\/en\\\/#website\"},\"primaryImageOfPage\":{\"@id\":\"https:\\\/\\\/taxi.fo\\\/en\\\/product\\\/tour-5-tjornuvik-2\\\/#primaryimage\"},\"image\":{\"@id\":\"https:\\\/\\\/taxi.fo\\\/en\\\/product\\\/tour-5-tjornuvik-2\\\/#primaryimage\"},\"thumbnailUrl\":\"https:\\\/\\\/taxi.fo\\\/wp-content\\\/uploads\\\/2020\\\/07\\\/tjornuvik-taxi_01.jpg\",\"datePublished\":\"2020-07-14T15:07:21+00:00\",\"dateModified\":\"2025-08-21T13:04:00+00:00\",\"breadcrumb\":{\"@id\":\"https:\\\/\\\/taxi.fo\\\/en\\\/product\\\/tour-5-tjornuvik-2\\\/#breadcrumb\"},\"inLanguage\":\"en-US\",\"potentialAction\":[{\"@type\":\"ReadAction\",\"target\":[\"https:\\\/\\\/taxi.fo\\\/en\\\/product\\\/tour-5-tjornuvik-2\\\/\"]}]},{\"@type\":\"ImageObject\",\"inLanguage\":\"en-US\",\"@id\":\"https:\\\/\\\/taxi.fo\\\/en\\\/product\\\/tour-5-tjornuvik-2\\\/#primaryimage\",\"url\":\"https:\\\/\\\/taxi.fo\\\/wp-content\\\/uploads\\\/2020\\\/07\\\/tjornuvik-taxi_01.jpg\",\"contentUrl\":\"https:\\\/\\\/taxi.fo\\\/wp-content\\\/uploads\\\/2020\\\/07\\\/tjornuvik-taxi_01.jpg\",\"width\":800,\"height\":872,\"caption\":\"Tj\u00f8rnuv\u00edk - Taxi\"},{\"@type\":\"BreadcrumbList\",\"@id\":\"https:\\\/\\\/taxi.fo\\\/en\\\/product\\\/tour-5-tjornuvik-2\\\/#breadcrumb\",\"itemListElement\":[{\"@type\":\"ListItem\",\"position\":1,\"name\":\"Home\",\"item\":\"https:\\\/\\\/taxi.fo\\\/en\\\/\"},{\"@type\":\"ListItem\",\"position\":2,\"name\":\"Shop\",\"item\":\"https:\\\/\\\/taxi.fo\\\/en\\\/shop-2\\\/\"},{\"@type\":\"ListItem\",\"position\":3,\"name\":\"Tour 5: Tj\u00f8rnuv\u00edk\"}]},{\"@type\":\"WebSite\",\"@id\":\"https:\\\/\\\/taxi.fo\\\/en\\\/#website\",\"url\":\"https:\\\/\\\/taxi.fo\\\/en\\\/\",\"name\":\"Taxi Bil\",\"description\":\"\",\"publisher\":{\"@id\":\"https:\\\/\\\/taxi.fo\\\/en\\\/#organization\"},\"potentialAction\":[{\"@type\":\"SearchAction\",\"target\":{\"@type\":\"EntryPoint\",\"urlTemplate\":\"https:\\\/\\\/taxi.fo\\\/en\\\/?s={search_term_string}\"},\"query-input\":{\"@type\":\"PropertyValueSpecification\",\"valueRequired\":true,\"valueName\":\"search_term_string\"}}],\"inLanguage\":\"en-US\"},{\"@type\":\"Organization\",\"@id\":\"https:\\\/\\\/taxi.fo\\\/en\\\/#organization\",\"name\":\"Taxi Bil\",\"url\":\"https:\\\/\\\/taxi.fo\\\/en\\\/\",\"logo\":{\"@type\":\"ImageObject\",\"inLanguage\":\"en-US\",\"@id\":\"https:\\\/\\\/taxi.fo\\\/en\\\/#\\\/schema\\\/logo\\\/image\\\/\",\"url\":\"https:\\\/\\\/taxi.fo\\\/wp-content\\\/uploads\\\/2016\\\/04\\\/logo_demo.png\",\"contentUrl\":\"https:\\\/\\\/taxi.fo\\\/wp-content\\\/uploads\\\/2016\\\/04\\\/logo_demo.png\",\"width\":156,\"height\":153,\"caption\":\"Taxi Bil\"},\"image\":{\"@id\":\"https:\\\/\\\/taxi.fo\\\/en\\\/#\\\/schema\\\/logo\\\/image\\\/\"},\"sameAs\":[\"https:\\\/\\\/www.facebook.com\\\/taxi.bil.1\\\/\"]}]}<\/script>\n<!-- \/ Yoast SEO plugin. -->","yoast_head_json":{"title":"Tour 5: Tj\u00f8rnuv\u00edk - Taxi Bil","robots":{"index":"index","follow":"follow","max-snippet":"max-snippet:-1","max-image-preview":"max-image-preview:large","max-video-preview":"max-video-preview:-1"},"canonical":"https:\/\/taxi.fo\/en\/product\/tour-5-tjornuvik-2\/","og_locale":"en_US","og_type":"article","og_title":"Tour 5: Tj\u00f8rnuv\u00edk - Taxi Bil","og_description":"Discover the charm of Tj\u00f8rnuv\u00edk on a scenic drive along the Oyggjarvegur mountain road. Soak in the spectacular coastal views and witness the remnants of the historic former whaling station.  Estimated time: 2 hours 30 min.","og_url":"https:\/\/taxi.fo\/en\/product\/tour-5-tjornuvik-2\/","og_site_name":"Taxi Bil","article_publisher":"https:\/\/www.facebook.com\/taxi.bil.1\/","article_modified_time":"2025-08-21T13:04:00+00:00","og_image":[{"width":800,"height":872,"url":"https:\/\/taxi.fo\/wp-content\/uploads\/2020\/07\/tjornuvik-taxi_01.jpg","type":"image\/jpeg"}],"twitter_card":"summary_large_image","twitter_misc":{"Est. reading time":"1 minute"},"schema":{"@context":"https:\/\/schema.org","@graph":[{"@type":"WebPage","@id":"https:\/\/taxi.fo\/en\/product\/tour-5-tjornuvik-2\/","url":"https:\/\/taxi.fo\/en\/product\/tour-5-tjornuvik-2\/","name":"Tour 5: Tj\u00f8rnuv\u00edk - Taxi Bil","isPartOf":{"@id":"https:\/\/taxi.fo\/en\/#website"},"primaryImageOfPage":{"@id":"https:\/\/taxi.fo\/en\/product\/tour-5-tjornuvik-2\/#primaryimage"},"image":{"@id":"https:\/\/taxi.fo\/en\/product\/tour-5-tjornuvik-2\/#primaryimage"},"thumbnailUrl":"https:\/\/taxi.fo\/wp-content\/uploads\/2020\/07\/tjornuvik-taxi_01.jpg","datePublished":"2020-07-14T15:07:21+00:00","dateModified":"2025-08-21T13:04:00+00:00","breadcrumb":{"@id":"https:\/\/taxi.fo\/en\/product\/tour-5-tjornuvik-2\/#breadcrumb"},"inLanguage":"en-US","potentialAction":[{"@type":"ReadAction","target":["https:\/\/taxi.fo\/en\/product\/tour-5-tjornuvik-2\/"]}]},{"@type":"ImageObject","inLanguage":"en-US","@id":"https:\/\/taxi.fo\/en\/product\/tour-5-tjornuvik-2\/#primaryimage","url":"https:\/\/taxi.fo\/wp-content\/uploads\/2020\/07\/tjornuvik-taxi_01.jpg","contentUrl":"https:\/\/taxi.fo\/wp-content\/uploads\/2020\/07\/tjornuvik-taxi_01.jpg","width":800,"height":872,"caption":"Tj\u00f8rnuv\u00edk - Taxi"},{"@type":"BreadcrumbList","@id":"https:\/\/taxi.fo\/en\/product\/tour-5-tjornuvik-2\/#breadcrumb","itemListElement":[{"@type":"ListItem","position":1,"name":"Home","item":"https:\/\/taxi.fo\/en\/"},{"@type":"ListItem","position":2,"name":"Shop","item":"https:\/\/taxi.fo\/en\/shop-2\/"},{"@type":"ListItem","position":3,"name":"Tour 5: Tj\u00f8rnuv\u00edk"}]},{"@type":"WebSite","@id":"https:\/\/taxi.fo\/en\/#website","url":"https:\/\/taxi.fo\/en\/","name":"Taxi Bil","description":"","publisher":{"@id":"https:\/\/taxi.fo\/en\/#organization"},"potentialAction":[{"@type":"SearchAction","target":{"@type":"EntryPoint","urlTemplate":"https:\/\/taxi.fo\/en\/?s={search_term_string}"},"query-input":{"@type":"PropertyValueSpecification","valueRequired":true,"valueName":"search_term_string"}}],"inLanguage":"en-US"},{"@type":"Organization","@id":"https:\/\/taxi.fo\/en\/#organization","name":"Taxi Bil","url":"https:\/\/taxi.fo\/en\/","logo":{"@type":"ImageObject","inLanguage":"en-US","@id":"https:\/\/taxi.fo\/en\/#\/schema\/logo\/image\/","url":"https:\/\/taxi.fo\/wp-content\/uploads\/2016\/04\/logo_demo.png","contentUrl":"https:\/\/taxi.fo\/wp-content\/uploads\/2016\/04\/logo_demo.png","width":156,"height":153,"caption":"Taxi Bil"},"image":{"@id":"https:\/\/taxi.fo\/en\/#\/schema\/logo\/image\/"},"sameAs":["https:\/\/www.facebook.com\/taxi.bil.1\/"]}]}},"_links":{"self":[{"href":"https:\/\/taxi.fo\/en\/wp-json\/wp\/v2\/product\/3992","targetHints":{"allow":["GET"]}}],"collection":[{"href":"https:\/\/taxi.fo\/en\/wp-json\/wp\/v2\/product"}],"about":[{"href":"https:\/\/taxi.fo\/en\/wp-json\/wp\/v2\/types\/product"}],"wp:featuredmedia":[{"embeddable":true,"href":"https:\/\/taxi.fo\/en\/wp-json\/wp\/v2\/media\/5138"}],"wp:attachment":[{"href":"https:\/\/taxi.fo\/en\/wp-json\/wp\/v2\/media?parent=3992"}],"wp:term":[{"taxonomy":"product_brand","embeddable":true,"href":"https:\/\/taxi.fo\/en\/wp-json\/wp\/v2\/product_brand?post=3992"},{"taxonomy":"product_cat","embeddable":true,"href":"https:\/\/taxi.fo\/en\/wp-json\/wp\/v2\/product_cat?post=3992"},{"taxonomy":"product_tag","embeddable":true,"href":"https:\/\/taxi.fo\/en\/wp-json\/wp\/v2\/product_tag?post=3992"}],"curies":[{"name":"wp","href":"https:\/\/api.w.org\/{rel}","templated":true}]}}