{"id":5124,"date":"2023-03-13T16:35:38","date_gmt":"2023-03-13T16:35:38","guid":{"rendered":"https:\/\/taxi.fo\/?post_type=product&#038;p=5124"},"modified":"2025-08-21T13:54:52","modified_gmt":"2025-08-21T12:54:52","slug":"tour-2-northern-tour","status":"publish","type":"product","link":"https:\/\/taxi.fo\/en\/product\/tour-2-northern-tour\/","title":{"rendered":"Tour 2: Northern Tour"},"content":{"rendered":"<p>Continuing our drive towards the northern islands, we cross the only bridge over the Atlantic Ocean to reach the island of Eysturoy. On route, we pass through charming villages such as <strong>Sk\u00e1labotnur<\/strong>, <strong>Skipanes<\/strong>, and the beautiful village of <strong>Sy\u00f0rag\u00f8ta<\/strong>, which hosts the popular annual music festival <strong>G!<\/strong>.<\/p>\n<p>As we travel through <strong>Nor\u00f0rag\u00f8ta<\/strong> and <strong>Leirvik<\/strong>, we enter a subsea tunnel leading to the northern islands. Emerging from the tunnel, we arrive in <strong>Klaksv\u00edk<\/strong>, the second-largest city on the islands with a population of 5,300. Here, we visit the breathtaking church <strong>Christianskirkjan<\/strong>, where we explore the magnificent art exhibition by multi-artist <strong>Edward Fugl\u00f8<\/strong>.<\/p>\n<p>Our next stop is the northernmost village of <strong>Vi\u00f0arei\u00f0i<\/strong>, the furthest you can drive north on the islands. <strong>Vi\u00f0arei\u00f0i<\/strong> offers an excellent view of the island\u2019s beautiful surroundings, including the noteworthy church of <strong>Vi\u00f0arei\u00f0i<\/strong>.<\/p>\n<p>After <strong>Vi\u00f0arei\u00f0i<\/strong>, we visit the charming village of <strong>Kunoy<\/strong>. From here, you can see <strong>Kallsoy<\/strong>, the island where a James Bond movie was filmed.<\/p>\n<p>On our return trip to <strong>T\u00f3rshavn<\/strong>, we pass through other villages such as <strong>S\u00f8ldafj\u00f8r\u00f0ur<\/strong>, <strong>Glyvrar<\/strong>, and <strong>Runav\u00edk<\/strong>. In <strong>Glyvrar<\/strong>, we visit <strong>Bakkafrost<\/strong>, the largest Faroese salmon company.<\/p>\n","protected":false},"excerpt":{"rendered":"<p>Our journey begins in T\u00f3rshavn, where we embark on a scenic drive along the old mountain road. Along the way, we pass by the national jail of the Faroe Islands, which has one of the most stunning views in the world. Our first photo stop is <strong>Sornfelli<\/strong>, offering a breathtaking view of the west island of <strong>V\u00e1gar<\/strong>. We then proceed past an old whaling station built by Norwegians around 1905.<\/p>\n<p><strong>Estimated time:<\/strong> 6 hours<\/p>\n","protected":false},"featured_media":5127,"template":"","meta":{"_acf_changed":false},"product_brand":[],"product_cat":[34],"product_tag":[],"class_list":{"0":"post-5124","1":"product","2":"type-product","3":"status-publish","4":"has-post-thumbnail","6":"product_cat-sightseeing-en","7":"description-off","9":"first","10":"instock","11":"virtual","12":"sold-individually","13":"purchasable","14":"product-type-phive_booking"},"acf":[],"yoast_head":"<!-- This site is optimized with the Yoast SEO plugin v27.3 - https:\/\/yoast.com\/product\/yoast-seo-wordpress\/ -->\n<title>Tour 2: Northern Tour - Taxi Bil<\/title>\n<meta name=\"robots\" content=\"index, follow, max-snippet:-1, max-image-preview:large, max-video-preview:-1\" \/>\n<link rel=\"canonical\" href=\"https:\/\/taxi.fo\/en\/product\/tour-2-northern-tour\/\" \/>\n<meta property=\"og:locale\" content=\"en_US\" \/>\n<meta property=\"og:type\" content=\"article\" \/>\n<meta property=\"og:title\" content=\"Tour 2: Northern Tour - Taxi Bil\" \/>\n<meta property=\"og:description\" content=\"Our journey begins in T\u00f3rshavn, where we embark on a scenic drive along the old mountain road. Along the way, we pass by the national jail of the Faroe Islands, which has one of the most stunning views in the world. Our first photo stop is Sornfelli, offering a breathtaking view of the west island of V\u00e1gar. We then proceed past an old whaling station built by Norwegians around 1905.  Estimated time: 6 hours\" \/>\n<meta property=\"og:url\" content=\"https:\/\/taxi.fo\/en\/product\/tour-2-northern-tour\/\" \/>\n<meta property=\"og:site_name\" content=\"Taxi Bil\" \/>\n<meta property=\"article:publisher\" content=\"https:\/\/www.facebook.com\/taxi.bil.1\/\" \/>\n<meta property=\"article:modified_time\" content=\"2025-08-21T12:54:52+00:00\" \/>\n<meta property=\"og:image\" content=\"https:\/\/taxi.fo\/wp-content\/uploads\/2023\/03\/northern-tour-taxi_01.jpg\" \/>\n\t<meta property=\"og:image:width\" content=\"800\" \/>\n\t<meta property=\"og:image:height\" content=\"600\" \/>\n\t<meta property=\"og:image:type\" content=\"image\/jpeg\" \/>\n<meta name=\"twitter:card\" content=\"summary_large_image\" \/>\n<meta name=\"twitter:label1\" content=\"Est. reading time\" \/>\n\t<meta name=\"twitter:data1\" content=\"2 minutes\" \/>\n<script type=\"application\/ld+json\" class=\"yoast-schema-graph\">{\"@context\":\"https:\\\/\\\/schema.org\",\"@graph\":[{\"@type\":\"WebPage\",\"@id\":\"https:\\\/\\\/taxi.fo\\\/en\\\/product\\\/tour-2-northern-tour\\\/\",\"url\":\"https:\\\/\\\/taxi.fo\\\/en\\\/product\\\/tour-2-northern-tour\\\/\",\"name\":\"Tour 2: Northern Tour - Taxi Bil\",\"isPartOf\":{\"@id\":\"https:\\\/\\\/taxi.fo\\\/en\\\/#website\"},\"primaryImageOfPage\":{\"@id\":\"https:\\\/\\\/taxi.fo\\\/en\\\/product\\\/tour-2-northern-tour\\\/#primaryimage\"},\"image\":{\"@id\":\"https:\\\/\\\/taxi.fo\\\/en\\\/product\\\/tour-2-northern-tour\\\/#primaryimage\"},\"thumbnailUrl\":\"https:\\\/\\\/taxi.fo\\\/wp-content\\\/uploads\\\/2023\\\/03\\\/northern-tour-taxi_01.jpg\",\"datePublished\":\"2023-03-13T16:35:38+00:00\",\"dateModified\":\"2025-08-21T12:54:52+00:00\",\"breadcrumb\":{\"@id\":\"https:\\\/\\\/taxi.fo\\\/en\\\/product\\\/tour-2-northern-tour\\\/#breadcrumb\"},\"inLanguage\":\"en-US\",\"potentialAction\":[{\"@type\":\"ReadAction\",\"target\":[\"https:\\\/\\\/taxi.fo\\\/en\\\/product\\\/tour-2-northern-tour\\\/\"]}]},{\"@type\":\"ImageObject\",\"inLanguage\":\"en-US\",\"@id\":\"https:\\\/\\\/taxi.fo\\\/en\\\/product\\\/tour-2-northern-tour\\\/#primaryimage\",\"url\":\"https:\\\/\\\/taxi.fo\\\/wp-content\\\/uploads\\\/2023\\\/03\\\/northern-tour-taxi_01.jpg\",\"contentUrl\":\"https:\\\/\\\/taxi.fo\\\/wp-content\\\/uploads\\\/2023\\\/03\\\/northern-tour-taxi_01.jpg\",\"width\":800,\"height\":600,\"caption\":\"Northern Tour - Taxi\"},{\"@type\":\"BreadcrumbList\",\"@id\":\"https:\\\/\\\/taxi.fo\\\/en\\\/product\\\/tour-2-northern-tour\\\/#breadcrumb\",\"itemListElement\":[{\"@type\":\"ListItem\",\"position\":1,\"name\":\"Home\",\"item\":\"https:\\\/\\\/taxi.fo\\\/en\\\/\"},{\"@type\":\"ListItem\",\"position\":2,\"name\":\"Shop\",\"item\":\"https:\\\/\\\/taxi.fo\\\/en\\\/shop-2\\\/\"},{\"@type\":\"ListItem\",\"position\":3,\"name\":\"Tour 2: Northern Tour\"}]},{\"@type\":\"WebSite\",\"@id\":\"https:\\\/\\\/taxi.fo\\\/en\\\/#website\",\"url\":\"https:\\\/\\\/taxi.fo\\\/en\\\/\",\"name\":\"Taxi Bil\",\"description\":\"\",\"publisher\":{\"@id\":\"https:\\\/\\\/taxi.fo\\\/en\\\/#organization\"},\"potentialAction\":[{\"@type\":\"SearchAction\",\"target\":{\"@type\":\"EntryPoint\",\"urlTemplate\":\"https:\\\/\\\/taxi.fo\\\/en\\\/?s={search_term_string}\"},\"query-input\":{\"@type\":\"PropertyValueSpecification\",\"valueRequired\":true,\"valueName\":\"search_term_string\"}}],\"inLanguage\":\"en-US\"},{\"@type\":\"Organization\",\"@id\":\"https:\\\/\\\/taxi.fo\\\/en\\\/#organization\",\"name\":\"Taxi Bil\",\"url\":\"https:\\\/\\\/taxi.fo\\\/en\\\/\",\"logo\":{\"@type\":\"ImageObject\",\"inLanguage\":\"en-US\",\"@id\":\"https:\\\/\\\/taxi.fo\\\/en\\\/#\\\/schema\\\/logo\\\/image\\\/\",\"url\":\"https:\\\/\\\/taxi.fo\\\/wp-content\\\/uploads\\\/2016\\\/04\\\/logo_demo.png\",\"contentUrl\":\"https:\\\/\\\/taxi.fo\\\/wp-content\\\/uploads\\\/2016\\\/04\\\/logo_demo.png\",\"width\":156,\"height\":153,\"caption\":\"Taxi Bil\"},\"image\":{\"@id\":\"https:\\\/\\\/taxi.fo\\\/en\\\/#\\\/schema\\\/logo\\\/image\\\/\"},\"sameAs\":[\"https:\\\/\\\/www.facebook.com\\\/taxi.bil.1\\\/\"]}]}<\/script>\n<!-- \/ Yoast SEO plugin. -->","yoast_head_json":{"title":"Tour 2: Northern Tour - Taxi Bil","robots":{"index":"index","follow":"follow","max-snippet":"max-snippet:-1","max-image-preview":"max-image-preview:large","max-video-preview":"max-video-preview:-1"},"canonical":"https:\/\/taxi.fo\/en\/product\/tour-2-northern-tour\/","og_locale":"en_US","og_type":"article","og_title":"Tour 2: Northern Tour - Taxi Bil","og_description":"Our journey begins in T\u00f3rshavn, where we embark on a scenic drive along the old mountain road. Along the way, we pass by the national jail of the Faroe Islands, which has one of the most stunning views in the world. Our first photo stop is Sornfelli, offering a breathtaking view of the west island of V\u00e1gar. We then proceed past an old whaling station built by Norwegians around 1905.  Estimated time: 6 hours","og_url":"https:\/\/taxi.fo\/en\/product\/tour-2-northern-tour\/","og_site_name":"Taxi Bil","article_publisher":"https:\/\/www.facebook.com\/taxi.bil.1\/","article_modified_time":"2025-08-21T12:54:52+00:00","og_image":[{"width":800,"height":600,"url":"https:\/\/taxi.fo\/wp-content\/uploads\/2023\/03\/northern-tour-taxi_01.jpg","type":"image\/jpeg"}],"twitter_card":"summary_large_image","twitter_misc":{"Est. reading time":"2 minutes"},"schema":{"@context":"https:\/\/schema.org","@graph":[{"@type":"WebPage","@id":"https:\/\/taxi.fo\/en\/product\/tour-2-northern-tour\/","url":"https:\/\/taxi.fo\/en\/product\/tour-2-northern-tour\/","name":"Tour 2: Northern Tour - Taxi Bil","isPartOf":{"@id":"https:\/\/taxi.fo\/en\/#website"},"primaryImageOfPage":{"@id":"https:\/\/taxi.fo\/en\/product\/tour-2-northern-tour\/#primaryimage"},"image":{"@id":"https:\/\/taxi.fo\/en\/product\/tour-2-northern-tour\/#primaryimage"},"thumbnailUrl":"https:\/\/taxi.fo\/wp-content\/uploads\/2023\/03\/northern-tour-taxi_01.jpg","datePublished":"2023-03-13T16:35:38+00:00","dateModified":"2025-08-21T12:54:52+00:00","breadcrumb":{"@id":"https:\/\/taxi.fo\/en\/product\/tour-2-northern-tour\/#breadcrumb"},"inLanguage":"en-US","potentialAction":[{"@type":"ReadAction","target":["https:\/\/taxi.fo\/en\/product\/tour-2-northern-tour\/"]}]},{"@type":"ImageObject","inLanguage":"en-US","@id":"https:\/\/taxi.fo\/en\/product\/tour-2-northern-tour\/#primaryimage","url":"https:\/\/taxi.fo\/wp-content\/uploads\/2023\/03\/northern-tour-taxi_01.jpg","contentUrl":"https:\/\/taxi.fo\/wp-content\/uploads\/2023\/03\/northern-tour-taxi_01.jpg","width":800,"height":600,"caption":"Northern Tour - Taxi"},{"@type":"BreadcrumbList","@id":"https:\/\/taxi.fo\/en\/product\/tour-2-northern-tour\/#breadcrumb","itemListElement":[{"@type":"ListItem","position":1,"name":"Home","item":"https:\/\/taxi.fo\/en\/"},{"@type":"ListItem","position":2,"name":"Shop","item":"https:\/\/taxi.fo\/en\/shop-2\/"},{"@type":"ListItem","position":3,"name":"Tour 2: Northern Tour"}]},{"@type":"WebSite","@id":"https:\/\/taxi.fo\/en\/#website","url":"https:\/\/taxi.fo\/en\/","name":"Taxi Bil","description":"","publisher":{"@id":"https:\/\/taxi.fo\/en\/#organization"},"potentialAction":[{"@type":"SearchAction","target":{"@type":"EntryPoint","urlTemplate":"https:\/\/taxi.fo\/en\/?s={search_term_string}"},"query-input":{"@type":"PropertyValueSpecification","valueRequired":true,"valueName":"search_term_string"}}],"inLanguage":"en-US"},{"@type":"Organization","@id":"https:\/\/taxi.fo\/en\/#organization","name":"Taxi Bil","url":"https:\/\/taxi.fo\/en\/","logo":{"@type":"ImageObject","inLanguage":"en-US","@id":"https:\/\/taxi.fo\/en\/#\/schema\/logo\/image\/","url":"https:\/\/taxi.fo\/wp-content\/uploads\/2016\/04\/logo_demo.png","contentUrl":"https:\/\/taxi.fo\/wp-content\/uploads\/2016\/04\/logo_demo.png","width":156,"height":153,"caption":"Taxi Bil"},"image":{"@id":"https:\/\/taxi.fo\/en\/#\/schema\/logo\/image\/"},"sameAs":["https:\/\/www.facebook.com\/taxi.bil.1\/"]}]}},"_links":{"self":[{"href":"https:\/\/taxi.fo\/en\/wp-json\/wp\/v2\/product\/5124","targetHints":{"allow":["GET"]}}],"collection":[{"href":"https:\/\/taxi.fo\/en\/wp-json\/wp\/v2\/product"}],"about":[{"href":"https:\/\/taxi.fo\/en\/wp-json\/wp\/v2\/types\/product"}],"wp:featuredmedia":[{"embeddable":true,"href":"https:\/\/taxi.fo\/en\/wp-json\/wp\/v2\/media\/5127"}],"wp:attachment":[{"href":"https:\/\/taxi.fo\/en\/wp-json\/wp\/v2\/media?parent=5124"}],"wp:term":[{"taxonomy":"product_brand","embeddable":true,"href":"https:\/\/taxi.fo\/en\/wp-json\/wp\/v2\/product_brand?post=5124"},{"taxonomy":"product_cat","embeddable":true,"href":"https:\/\/taxi.fo\/en\/wp-json\/wp\/v2\/product_cat?post=5124"},{"taxonomy":"product_tag","embeddable":true,"href":"https:\/\/taxi.fo\/en\/wp-json\/wp\/v2\/product_tag?post=5124"}],"curies":[{"name":"wp","href":"https:\/\/api.w.org\/{rel}","templated":true}]}}